{"id":15,"date":"2024-06-17T04:05:24","date_gmt":"2024-06-17T04:05:24","guid":{"rendered":"https:\/\/www.ppd.com\/fr\/?page_id=15"},"modified":"2024-11-19T23:25:12","modified_gmt":"2024-11-19T23:25:12","slug":"phase-ii-iv-clinical-trial-management","status":"publish","type":"page","link":"https:\/\/www.ppd.com\/fr\/clinical-development\/phase-ii-iv-clinical-trial-management\/","title":{"rendered":"Gestion des essais cliniques de phase\u00a0II \u00e0\u00a0IV"},"content":{"rendered":"\n<div class=\"wp-block-emagine-columns alignfull\"><div id=\"em-layout-id_de8c53-93\" class=\"em-row-layout-inner em-margin-top--default em-margin-bottom--default em-tablet-margin-top--default em-tablet-margin-bottom--default em-mobile-margin-top--default em-mobile-margin-bottom--default   em-layout-id_de8c53-93\"><div class=\"em-row-column-wrap em-has-2-columns em-gutter-default em-row-valign-top em-row-layout-left-golden em-tab-layout-inherit em-m-colapse-left-to-right em-mobile-layout-row em-padding-top--default em-padding-bottom--default em-tablet-padding-top--default em-tablet-padding-bottom--default em-mobile-padding-top--default em-mobile-padding-bottom--default alignwide\">\n<div class=\"wp-block-emagine-column emagine-column9714 inner-column-1\"><div class=\"em-inside-inner-col em-padding-top--none em-padding-right--large em-padding-bottom--none em-padding-left--none em-tablet-padding-top--none em-tablet-padding-right--medium em-tablet-padding-bottom--none em-tablet-padding-left--none em-mobile-padding-top--none em-mobile-padding-right--none em-mobile-padding-bottom--medium em-mobile-padding-left--none\">\n<p>L&#8217;activit\u00e9 de recherche clinique PPD\u2122 de Thermo Fisher Scientific propose un service complet de mise au point de produits pour les \u00e9tudes de recherche clinique de phases&nbsp;II \u00e0&nbsp;IV portant sur de nouveaux m\u00e9dicaments exp\u00e9rimentaux, produits biologiques et dispositifs m\u00e9dicaux. Nos fondations sont solides, et nous offrons une gamme de services vaste et diversifi\u00e9e, afin d\u2019aider nos clients \u00e0 r\u00e9soudre les nombreux probl\u00e8mes et la grande complexit\u00e9 de la mise au point de m\u00e9dicaments pendant le d\u00e9roulement des programmes cliniques multinationaux. Nous sommes tr\u00e8s pr\u00e9sents \u00e0 l\u2019\u00e9chelle mondiale et nous offrons des solutions de d\u00e9veloppement clinique qui couvrent plusieurs domaines th\u00e9rapeutiques et services, en plus d\u2019une vari\u00e9t\u00e9 de mod\u00e8les d\u2019externalisation pour r\u00e9pondre aux besoins sp\u00e9cifiques de nos clients.<\/p>\n<\/div><\/div>\n\n\n\n<div class=\"wp-block-emagine-column emagine-column7553 inner-column-2\"><div class=\"em-inside-inner-col em-padding-top--none em-padding-right--none em-padding-bottom--none em-padding-left--none em-tablet-padding-top--none em-tablet-padding-right--none em-tablet-padding-bottom--none em-tablet-padding-left--none em-mobile-padding-top--none em-mobile-padding-right--none em-mobile-padding-bottom--none em-mobile-padding-left--none\">\n<figure class=\"wp-block-image size-full\"><img decoding=\"async\" src=\"https:\/\/www.ppd.com\/wp-content\/uploads\/2021\/03\/clinical-trial-safety-committee-management-pv-product-lifecycle-60623035a044a.jpg\" alt=\"\" class=\"wp-image-17760\"\/><\/figure>\n<\/div><\/div>\n<\/div><\/div><\/div>\n","protected":false},"excerpt":{"rendered":null,"protected":false},"author":3,"featured_media":116,"parent":7,"menu_order":0,"comment_status":"closed","ping_status":"closed","template":"","meta":{"_acf_changed":false,"content-type":"","_relevanssi_hide_post":"","_relevanssi_hide_content":"","_relevanssi_pin_for_all":"","_relevanssi_pin_keywords":"","_relevanssi_unpin_keywords":"","_relevanssi_related_keywords":"","_relevanssi_related_include_ids":"","_relevanssi_related_exclude_ids":"","_relevanssi_related_no_append":"","_relevanssi_related_not_related":"","_relevanssi_related_posts":"1","_relevanssi_noindex_reason":"","em_featured_video_id":0,"footnotes":""},"class_list":["post-15","page","type-page","status-publish","has-post-thumbnail","hentry"],"acf":[],"yoast_head":"<!-- This site is optimized with the Yoast SEO plugin v26.5 - https:\/\/yoast.com\/wordpress\/plugins\/seo\/ -->\n<title>Gestion des essais cliniques de phase\u00a0II \u00e0\u00a0IV - PPD French<\/title>\n<meta name=\"description\" content=\"Nous proposons un service complet de mise au point de produits pour les \u00e9tudes de recherche clinique de phases 2 \u00e0 4 portant sur de nouveaux m\u00e9dicaments exp\u00e9rimentaux, des produits biologiques et des dispositifs m\u00e9dicaux.\" \/>\n<meta name=\"robots\" content=\"index, follow, max-snippet:-1, max-image-preview:large, max-video-preview:-1\" \/>\n<link rel=\"canonical\" href=\"https:\/\/www.ppd.com\/fr\/clinical-development\/phase-ii-iv-clinical-trial-management\/\" \/>\n<meta property=\"og:locale\" content=\"en_US\" \/>\n<meta property=\"og:type\" content=\"article\" \/>\n<meta property=\"og:title\" content=\"Gestion des essais cliniques de phase\u00a0II \u00e0\u00a0IV - PPD French\" \/>\n<meta property=\"og:description\" content=\"Nous proposons un service complet de mise au point de produits pour les \u00e9tudes de recherche clinique de phases 2 \u00e0 4 portant sur de nouveaux m\u00e9dicaments exp\u00e9rimentaux, des produits biologiques et des dispositifs m\u00e9dicaux.\" \/>\n<meta property=\"og:url\" content=\"https:\/\/www.ppd.com\/fr\/clinical-development\/phase-ii-iv-clinical-trial-management\/\" \/>\n<meta property=\"og:site_name\" content=\"PPD French\" \/>\n<meta property=\"article:modified_time\" content=\"2024-11-19T23:25:12+00:00\" \/>\n<meta property=\"og:image\" content=\"https:\/\/www.ppd.com\/fr\/wp-content\/uploads\/sites\/5\/2024\/06\/shutterstock_275553803-scaled-1.jpg\" \/>\n\t<meta property=\"og:image:width\" content=\"2200\" \/>\n\t<meta property=\"og:image:height\" content=\"1083\" \/>\n\t<meta property=\"og:image:type\" content=\"image\/jpeg\" \/>\n<meta name=\"twitter:card\" content=\"summary_large_image\" \/>\n<meta name=\"twitter:label1\" content=\"Est. reading time\" \/>\n\t<meta name=\"twitter:data1\" content=\"1 minute\" \/>\n<script type=\"application\/ld+json\" class=\"yoast-schema-graph\">{\"@context\":\"https:\/\/schema.org\",\"@graph\":[{\"@type\":\"WebPage\",\"@id\":\"https:\/\/www.ppd.com\/fr\/clinical-development\/phase-ii-iv-clinical-trial-management\/\",\"url\":\"https:\/\/www.ppd.com\/fr\/clinical-development\/phase-ii-iv-clinical-trial-management\/\",\"name\":\"Gestion des essais cliniques de phase\u00a0II \u00e0\u00a0IV - PPD French\",\"isPartOf\":{\"@id\":\"https:\/\/www.ppd.com\/fr\/#website\"},\"primaryImageOfPage\":{\"@id\":\"https:\/\/www.ppd.com\/fr\/clinical-development\/phase-ii-iv-clinical-trial-management\/#primaryimage\"},\"image\":{\"@id\":\"https:\/\/www.ppd.com\/fr\/clinical-development\/phase-ii-iv-clinical-trial-management\/#primaryimage\"},\"thumbnailUrl\":\"https:\/\/www.ppd.com\/fr\/wp-content\/uploads\/sites\/5\/2024\/06\/shutterstock_275553803-scaled-1.jpg\",\"datePublished\":\"2024-06-17T04:05:24+00:00\",\"dateModified\":\"2024-11-19T23:25:12+00:00\",\"description\":\"Nous proposons un service complet de mise au point de produits pour les \u00e9tudes de recherche clinique de phases 2 \u00e0 4 portant sur de nouveaux m\u00e9dicaments exp\u00e9rimentaux, des produits biologiques et des dispositifs m\u00e9dicaux.\",\"breadcrumb\":{\"@id\":\"https:\/\/www.ppd.com\/fr\/clinical-development\/phase-ii-iv-clinical-trial-management\/#breadcrumb\"},\"inLanguage\":\"en-US\",\"potentialAction\":[{\"@type\":\"ReadAction\",\"target\":[\"https:\/\/www.ppd.com\/fr\/clinical-development\/phase-ii-iv-clinical-trial-management\/\"]}]},{\"@type\":\"ImageObject\",\"inLanguage\":\"en-US\",\"@id\":\"https:\/\/www.ppd.com\/fr\/clinical-development\/phase-ii-iv-clinical-trial-management\/#primaryimage\",\"url\":\"https:\/\/www.ppd.com\/fr\/wp-content\/uploads\/sites\/5\/2024\/06\/shutterstock_275553803-scaled-1.jpg\",\"contentUrl\":\"https:\/\/www.ppd.com\/fr\/wp-content\/uploads\/sites\/5\/2024\/06\/shutterstock_275553803-scaled-1.jpg\",\"width\":2200,\"height\":1083},{\"@type\":\"BreadcrumbList\",\"@id\":\"https:\/\/www.ppd.com\/fr\/clinical-development\/phase-ii-iv-clinical-trial-management\/#breadcrumb\",\"itemListElement\":[{\"@type\":\"ListItem\",\"position\":1,\"name\":\"D\u00e9veloppement clinique\",\"item\":\"https:\/\/www.ppd.com\/fr\/clinical-development\/\"},{\"@type\":\"ListItem\",\"position\":2,\"name\":\"Gestion des essais cliniques de phase\u00a0II \u00e0\u00a0IV\"}]},{\"@type\":\"WebSite\",\"@id\":\"https:\/\/www.ppd.com\/fr\/#website\",\"url\":\"https:\/\/www.ppd.com\/fr\/\",\"name\":\"PPD French\",\"description\":\"\",\"publisher\":{\"@id\":\"https:\/\/www.ppd.com\/fr\/#organization\"},\"potentialAction\":[{\"@type\":\"SearchAction\",\"target\":{\"@type\":\"EntryPoint\",\"urlTemplate\":\"https:\/\/www.ppd.com\/fr\/?s={search_term_string}\"},\"query-input\":{\"@type\":\"PropertyValueSpecification\",\"valueRequired\":true,\"valueName\":\"search_term_string\"}}],\"inLanguage\":\"en-US\"},{\"@type\":\"Organization\",\"@id\":\"https:\/\/www.ppd.com\/fr\/#organization\",\"name\":\"PPD French\",\"url\":\"https:\/\/www.ppd.com\/fr\/\",\"logo\":{\"@type\":\"ImageObject\",\"inLanguage\":\"en-US\",\"@id\":\"https:\/\/www.ppd.com\/fr\/#\/schema\/logo\/image\/\",\"url\":\"https:\/\/www.ppd.com\/fr\/wp-content\/uploads\/sites\/5\/2024\/06\/thermofisher_ppd_logo1.svg\",\"contentUrl\":\"https:\/\/www.ppd.com\/fr\/wp-content\/uploads\/sites\/5\/2024\/06\/thermofisher_ppd_logo1.svg\",\"width\":301,\"height\":100,\"caption\":\"PPD French\"},\"image\":{\"@id\":\"https:\/\/www.ppd.com\/fr\/#\/schema\/logo\/image\/\"}}]}<\/script>\n<!-- \/ Yoast SEO plugin. -->","yoast_head_json":{"title":"Gestion des essais cliniques de phase\u00a0II \u00e0\u00a0IV - PPD French","description":"Nous proposons un service complet de mise au point de produits pour les \u00e9tudes de recherche clinique de phases 2 \u00e0 4 portant sur de nouveaux m\u00e9dicaments exp\u00e9rimentaux, des produits biologiques et des dispositifs m\u00e9dicaux.","robots":{"index":"index","follow":"follow","max-snippet":"max-snippet:-1","max-image-preview":"max-image-preview:large","max-video-preview":"max-video-preview:-1"},"canonical":"https:\/\/www.ppd.com\/fr\/clinical-development\/phase-ii-iv-clinical-trial-management\/","og_locale":"en_US","og_type":"article","og_title":"Gestion des essais cliniques de phase\u00a0II \u00e0\u00a0IV - PPD French","og_description":"Nous proposons un service complet de mise au point de produits pour les \u00e9tudes de recherche clinique de phases 2 \u00e0 4 portant sur de nouveaux m\u00e9dicaments exp\u00e9rimentaux, des produits biologiques et des dispositifs m\u00e9dicaux.","og_url":"https:\/\/www.ppd.com\/fr\/clinical-development\/phase-ii-iv-clinical-trial-management\/","og_site_name":"PPD French","article_modified_time":"2024-11-19T23:25:12+00:00","og_image":[{"width":2200,"height":1083,"url":"https:\/\/www.ppd.com\/fr\/wp-content\/uploads\/sites\/5\/2024\/06\/shutterstock_275553803-scaled-1.jpg","type":"image\/jpeg"}],"twitter_card":"summary_large_image","twitter_misc":{"Est. reading time":"1 minute"},"schema":{"@context":"https:\/\/schema.org","@graph":[{"@type":"WebPage","@id":"https:\/\/www.ppd.com\/fr\/clinical-development\/phase-ii-iv-clinical-trial-management\/","url":"https:\/\/www.ppd.com\/fr\/clinical-development\/phase-ii-iv-clinical-trial-management\/","name":"Gestion des essais cliniques de phase\u00a0II \u00e0\u00a0IV - PPD French","isPartOf":{"@id":"https:\/\/www.ppd.com\/fr\/#website"},"primaryImageOfPage":{"@id":"https:\/\/www.ppd.com\/fr\/clinical-development\/phase-ii-iv-clinical-trial-management\/#primaryimage"},"image":{"@id":"https:\/\/www.ppd.com\/fr\/clinical-development\/phase-ii-iv-clinical-trial-management\/#primaryimage"},"thumbnailUrl":"https:\/\/www.ppd.com\/fr\/wp-content\/uploads\/sites\/5\/2024\/06\/shutterstock_275553803-scaled-1.jpg","datePublished":"2024-06-17T04:05:24+00:00","dateModified":"2024-11-19T23:25:12+00:00","description":"Nous proposons un service complet de mise au point de produits pour les \u00e9tudes de recherche clinique de phases 2 \u00e0 4 portant sur de nouveaux m\u00e9dicaments exp\u00e9rimentaux, des produits biologiques et des dispositifs m\u00e9dicaux.","breadcrumb":{"@id":"https:\/\/www.ppd.com\/fr\/clinical-development\/phase-ii-iv-clinical-trial-management\/#breadcrumb"},"inLanguage":"en-US","potentialAction":[{"@type":"ReadAction","target":["https:\/\/www.ppd.com\/fr\/clinical-development\/phase-ii-iv-clinical-trial-management\/"]}]},{"@type":"ImageObject","inLanguage":"en-US","@id":"https:\/\/www.ppd.com\/fr\/clinical-development\/phase-ii-iv-clinical-trial-management\/#primaryimage","url":"https:\/\/www.ppd.com\/fr\/wp-content\/uploads\/sites\/5\/2024\/06\/shutterstock_275553803-scaled-1.jpg","contentUrl":"https:\/\/www.ppd.com\/fr\/wp-content\/uploads\/sites\/5\/2024\/06\/shutterstock_275553803-scaled-1.jpg","width":2200,"height":1083},{"@type":"BreadcrumbList","@id":"https:\/\/www.ppd.com\/fr\/clinical-development\/phase-ii-iv-clinical-trial-management\/#breadcrumb","itemListElement":[{"@type":"ListItem","position":1,"name":"D\u00e9veloppement clinique","item":"https:\/\/www.ppd.com\/fr\/clinical-development\/"},{"@type":"ListItem","position":2,"name":"Gestion des essais cliniques de phase\u00a0II \u00e0\u00a0IV"}]},{"@type":"WebSite","@id":"https:\/\/www.ppd.com\/fr\/#website","url":"https:\/\/www.ppd.com\/fr\/","name":"PPD French","description":"","publisher":{"@id":"https:\/\/www.ppd.com\/fr\/#organization"},"potentialAction":[{"@type":"SearchAction","target":{"@type":"EntryPoint","urlTemplate":"https:\/\/www.ppd.com\/fr\/?s={search_term_string}"},"query-input":{"@type":"PropertyValueSpecification","valueRequired":true,"valueName":"search_term_string"}}],"inLanguage":"en-US"},{"@type":"Organization","@id":"https:\/\/www.ppd.com\/fr\/#organization","name":"PPD French","url":"https:\/\/www.ppd.com\/fr\/","logo":{"@type":"ImageObject","inLanguage":"en-US","@id":"https:\/\/www.ppd.com\/fr\/#\/schema\/logo\/image\/","url":"https:\/\/www.ppd.com\/fr\/wp-content\/uploads\/sites\/5\/2024\/06\/thermofisher_ppd_logo1.svg","contentUrl":"https:\/\/www.ppd.com\/fr\/wp-content\/uploads\/sites\/5\/2024\/06\/thermofisher_ppd_logo1.svg","width":301,"height":100,"caption":"PPD French"},"image":{"@id":"https:\/\/www.ppd.com\/fr\/#\/schema\/logo\/image\/"}}]}},"_links":{"self":[{"href":"https:\/\/www.ppd.com\/fr\/wp-json\/wp\/v2\/pages\/15","targetHints":{"allow":["GET"]}}],"collection":[{"href":"https:\/\/www.ppd.com\/fr\/wp-json\/wp\/v2\/pages"}],"about":[{"href":"https:\/\/www.ppd.com\/fr\/wp-json\/wp\/v2\/types\/page"}],"author":[{"embeddable":true,"href":"https:\/\/www.ppd.com\/fr\/wp-json\/wp\/v2\/users\/3"}],"replies":[{"embeddable":true,"href":"https:\/\/www.ppd.com\/fr\/wp-json\/wp\/v2\/comments?post=15"}],"version-history":[{"count":0,"href":"https:\/\/www.ppd.com\/fr\/wp-json\/wp\/v2\/pages\/15\/revisions"}],"up":[{"embeddable":true,"href":"https:\/\/www.ppd.com\/fr\/wp-json\/wp\/v2\/pages\/7"}],"wp:featuredmedia":[{"embeddable":true,"href":"https:\/\/www.ppd.com\/fr\/wp-json\/wp\/v2\/media\/116"}],"wp:attachment":[{"href":"https:\/\/www.ppd.com\/fr\/wp-json\/wp\/v2\/media?parent=15"}],"curies":[{"name":"wp","href":"https:\/\/api.w.org\/{rel}","templated":true}]}}