{"id":19,"date":"2024-06-17T04:06:33","date_gmt":"2024-06-17T04:06:33","guid":{"rendered":"https:\/\/www.ppd.com\/fr\/?page_id=19"},"modified":"2024-08-16T13:50:23","modified_gmt":"2024-08-16T13:50:23","slug":"clinical-trial-monitoring","status":"publish","type":"page","link":"https:\/\/www.ppd.com\/fr\/clinical-development\/phase-ii-iv-clinical-trial-management\/clinical-trial-monitoring\/","title":{"rendered":"Surveillance des essais cliniques"},"content":{"rendered":"\n<div class=\"wp-block-emagine-columns alignfull\"><div id=\"em-layout-id_401efb-2c\" class=\"em-row-layout-inner em-margin-top--default em-margin-bottom--default em-tablet-margin-top--default em-tablet-margin-bottom--default em-mobile-margin-top--default em-mobile-margin-bottom--default   em-layout-id_401efb-2c\"><div class=\"em-row-column-wrap em-has-2-columns em-gutter-default em-row-valign-top em-row-layout-left-golden em-tab-layout-left-golden em-m-colapse-left-to-right em-mobile-layout-row em-padding-top--default em-padding-bottom--default em-tablet-padding-top--default em-tablet-padding-bottom--default em-mobile-padding-top--default em-mobile-padding-bottom--default alignwide\">\n<div class=\"wp-block-emagine-column emagine-column710 inner-column-1\"><div class=\"em-inside-inner-col em-padding-top--none em-padding-right--medium em-padding-bottom--none em-padding-left--none em-tablet-padding-top--none em-tablet-padding-right--medium em-tablet-padding-bottom--none em-tablet-padding-left--none em-mobile-padding-top--none em-mobile-padding-right--none em-mobile-padding-bottom--none em-mobile-padding-left--none\">\n<p>Nos associ\u00e9s de recherche clinique&nbsp;(ARC) qualifi\u00e9s et d\u00fbment form\u00e9s, assurent un examen des donn\u00e9es de la plus haute qualit\u00e9 et une interaction efficace avec les centres d\u2019\u00e9tude. Nos ARC effectuent des visites de surveillance sur place tout au long de l\u2019\u00e9tude pour faire ce qui suit:<\/p>\n\n\n\n<ul class=\"mt-0 wp-block-list\">\n<li>Superviser la collecte des donn\u00e9es<\/li>\n\n\n\n<li>Examiner la documentation source et les cahiers d\u2019observation<\/li>\n\n\n\n<li>Assurer le respect de la r\u00e9glementation<\/li>\n\n\n\n<li>R\u00e9pondre aux demandes de renseignements relatives aux donn\u00e9es<\/li>\n\n\n\n<li>R\u00e9aliser des analyses provisoires \u00e0 la demande des clients<\/li>\n<\/ul>\n<\/div><\/div>\n\n\n\n<div class=\"wp-block-emagine-column emagine-column856 inner-column-2\"><div class=\"em-inside-inner-col em-padding-top--none em-padding-right--none em-padding-bottom--none em-padding-left--none em-tablet-padding-top--none em-tablet-padding-right--none em-tablet-padding-bottom--none em-tablet-padding-left--none em-mobile-padding-top--none em-mobile-padding-right--none em-mobile-padding-bottom--none em-mobile-padding-left--none\">\n<figure class=\"wp-block-image size-large hide-on-mobile\"><img loading=\"lazy\" decoding=\"async\" width=\"1024\" height=\"683\" src=\"https:\/\/www.ppd.com\/fr\/wp-content\/uploads\/sites\/5\/2024\/07\/clinical-monitoring_1394-scaled-1-1024x683.jpg\" alt=\"clinical-monitoring\" class=\"wp-image-1187\" srcset=\"https:\/\/www.ppd.com\/fr\/wp-content\/uploads\/sites\/5\/2024\/07\/clinical-monitoring_1394-scaled-1-1024x683.jpg 1024w, https:\/\/www.ppd.com\/fr\/wp-content\/uploads\/sites\/5\/2024\/07\/clinical-monitoring_1394-scaled-1-300x200.jpg 300w, https:\/\/www.ppd.com\/fr\/wp-content\/uploads\/sites\/5\/2024\/07\/clinical-monitoring_1394-scaled-1-768x512.jpg 768w, https:\/\/www.ppd.com\/fr\/wp-content\/uploads\/sites\/5\/2024\/07\/clinical-monitoring_1394-scaled-1-1536x1024.jpg 1536w, https:\/\/www.ppd.com\/fr\/wp-content\/uploads\/sites\/5\/2024\/07\/clinical-monitoring_1394-scaled-1-2048x1366.jpg 2048w, https:\/\/www.ppd.com\/fr\/wp-content\/uploads\/sites\/5\/2024\/07\/clinical-monitoring_1394-scaled-1-60x40.jpg 60w\" sizes=\"auto, (max-width: 1024px) 100vw, 1024px\" \/><\/figure>\n<\/div><\/div>\n<\/div><\/div><\/div>\n\n\n<section id=\"media-content-block_3e62f9f1d8e10d4758a959f25cadbd36\" class=\"media-content alignfull has-bg-image align-content-center \">\n\t\n\t\t\t\n\t\t\n\t\t<div class=\"media-content__image bg-image\">\n\t\t\t\t\t\t\t<div class=\"em-bg-image\">\n\t\t\t\t\t<img src='https:\/\/www.ppd.com\/fr\/wp-content\/uploads\/sites\/5\/2024\/07\/SCAN_summary_shutterstock_1787773664-608c54d49154f.jpg' width='1500' height='844' srcset='https:\/\/www.ppd.com\/fr\/wp-content\/uploads\/sites\/5\/2024\/07\/SCAN_summary_shutterstock_1787773664-608c54d49154f.jpg 1500w, https:\/\/www.ppd.com\/fr\/wp-content\/uploads\/sites\/5\/2024\/07\/SCAN_summary_shutterstock_1787773664-608c54d49154f-300x169.jpg 300w, https:\/\/www.ppd.com\/fr\/wp-content\/uploads\/sites\/5\/2024\/07\/SCAN_summary_shutterstock_1787773664-608c54d49154f-1024x576.jpg 1024w, https:\/\/www.ppd.com\/fr\/wp-content\/uploads\/sites\/5\/2024\/07\/SCAN_summary_shutterstock_1787773664-608c54d49154f-768x432.jpg 768w, https:\/\/www.ppd.com\/fr\/wp-content\/uploads\/sites\/5\/2024\/07\/SCAN_summary_shutterstock_1787773664-608c54d49154f-60x34.jpg 60w, https:\/\/www.ppd.com\/fr\/wp-content\/uploads\/sites\/5\/2024\/07\/SCAN_summary_shutterstock_1787773664-608c54d49154f-995x560.jpg 995w' alt='African,American,Business,Data,Analyst,Woman,Using,Computer' \/>\t\t\t\t<\/div>\n\t\t\t\t\t<\/div>\n\n\t\t\t\t\t<div class=\"media-content__content has-container right-content\">\n\t\t\t\t<div class=\"content-container\">\n\t\t\t\t\t\n\t\t\t\t\t\t\t\t\t\t\t<h2 class=\"media-content__title2\">Associ\u00e9s de recherche clinique (ARC)<\/h2>\n\t\t\t\t\t\n\t\t\t\t\t\n\t\t\t\t\t\t\t\t\t\t\t<div class=\"media-content__desc\"><p>L&#8217;activit\u00e9 de recherche clinique PPD<span class=\"TextRun SCXW164972578 BCX0\" lang=\"EN-US\" xml:lang=\"EN-US\" data-contrast=\"auto\"><span class=\"NormalTextRun SCXW164972578 BCX0\" data-ccp-parastyle=\"No Spacing\">\u2122<\/span><\/span> et de Thermo Fisher Scientific veille \u00e0 employer et conserver des ARC pleinement qualifi\u00e9s qui:<\/p>\n<ul class=\"mt-0\">\n<li>D\u00e9montrent \u00e0 la direction de PPD, leurs comp\u00e9tences en mati\u00e8re de surveillance d&#8217;un centre avant d&#8217;\u00eatre affect\u00e9s \u00e0 une \u00e9tude<\/li>\n<li>Se consacrent g\u00e9n\u00e9ralement \u00e0 un seul protocole \u00e0 la fois, afin de maintenir la qualit\u00e9<\/li>\n<li>En Europe et en Asie, les\u00a0ARC sont affect\u00e9s \u00e0 la surveillance des centres dans leur pays de r\u00e9sidence, o\u00f9 ils ma\u00eetrisent la ou les langues, la r\u00e9glementation, les coutumes et les pratiques commerciales propres \u00e0 leurs r\u00e9gions<\/li>\n<\/ul>\n<\/div>\n\t\t\t\t\t\t\t\t\t\t\t\t\t\t\t\n\t\t\t\t\t\t\t\t\t<\/div>\n\t\t\t<\/div>\n\t\t\n\t\t\t<\/section>\n","protected":false},"excerpt":{"rendered":null,"protected":false},"author":3,"featured_media":0,"parent":15,"menu_order":0,"comment_status":"closed","ping_status":"closed","template":"","meta":{"_acf_changed":false,"content-type":"","_relevanssi_hide_post":"","_relevanssi_hide_content":"","_relevanssi_pin_for_all":"","_relevanssi_pin_keywords":"","_relevanssi_unpin_keywords":"","_relevanssi_related_keywords":"","_relevanssi_related_include_ids":"","_relevanssi_related_exclude_ids":"","_relevanssi_related_no_append":"","_relevanssi_related_not_related":"","_relevanssi_related_posts":"1","_relevanssi_noindex_reason":"","em_featured_video_id":0,"footnotes":""},"class_list":["post-19","page","type-page","status-publish","hentry"],"acf":[],"_links":{"self":[{"href":"https:\/\/www.ppd.com\/fr\/wp-json\/wp\/v2\/pages\/19","targetHints":{"allow":["GET"]}}],"collection":[{"href":"https:\/\/www.ppd.com\/fr\/wp-json\/wp\/v2\/pages"}],"about":[{"href":"https:\/\/www.ppd.com\/fr\/wp-json\/wp\/v2\/types\/page"}],"author":[{"embeddable":true,"href":"https:\/\/www.ppd.com\/fr\/wp-json\/wp\/v2\/users\/3"}],"replies":[{"embeddable":true,"href":"https:\/\/www.ppd.com\/fr\/wp-json\/wp\/v2\/comments?post=19"}],"version-history":[{"count":0,"href":"https:\/\/www.ppd.com\/fr\/wp-json\/wp\/v2\/pages\/19\/revisions"}],"up":[{"embeddable":true,"href":"https:\/\/www.ppd.com\/fr\/wp-json\/wp\/v2\/pages\/15"}],"wp:attachment":[{"href":"https:\/\/www.ppd.com\/fr\/wp-json\/wp\/v2\/media?parent=19"}],"curies":[{"name":"wp","href":"https:\/\/api.w.org\/{rel}","templated":true}]}}