{"id":21,"date":"2024-06-17T04:08:40","date_gmt":"2024-06-17T04:08:40","guid":{"rendered":"https:\/\/www.ppd.com\/fr\/?page_id=21"},"modified":"2024-08-16T13:52:14","modified_gmt":"2024-08-16T13:52:14","slug":"clinical-trial-project-management","status":"publish","type":"page","link":"https:\/\/www.ppd.com\/fr\/clinical-development\/phase-ii-iv-clinical-trial-management\/clinical-trial-project-management\/","title":{"rendered":"Gestion des projets d\u2019essais cliniques"},"content":{"rendered":"\n<div class=\"wp-block-emagine-columns alignfull\"><div id=\"em-layout-id_a6f8ac-f8\" class=\"em-row-layout-inner em-margin-top--default em-margin-bottom--default em-tablet-margin-top--default em-tablet-margin-bottom--default em-mobile-margin-top--default em-mobile-margin-bottom--default   em-layout-id_a6f8ac-f8\"><div class=\"em-row-column-wrap em-has-2-columns em-gutter-default em-row-valign-top em-row-layout-left-golden em-tab-layout-left-golden em-m-colapse-left-to-right em-mobile-layout-row em-padding-top--default em-padding-bottom--default em-tablet-padding-top--default em-tablet-padding-bottom--default em-mobile-padding-top--default em-mobile-padding-bottom--default alignwide\">\n<div class=\"wp-block-emagine-column emagine-column8215 inner-column-1\"><div class=\"em-inside-inner-col em-padding-top--none em-padding-right--medium em-padding-bottom--none em-padding-left--none em-tablet-padding-top--none em-tablet-padding-right--medium em-tablet-padding-bottom--none em-tablet-padding-left--none em-mobile-padding-top--none em-mobile-padding-right--none em-mobile-padding-bottom--none em-mobile-padding-left--none\">\n<p>Le chef de projets joue un r\u00f4le essentiel \u00e0 la r\u00e9ussite d\u2019une \u00e9tude. Nous affectons des chefs de projets exp\u00e9riment\u00e9s poss\u00e9dant une expertise av\u00e9r\u00e9e tout au long du parcours de mise au point d\u2019un traitement. Notre structure organisationnelle met nos chefs de projets en contact \u00e9troit avec nos op\u00e9rations cliniques et nos gestionnaires d\u2019essais cliniques. Nous assurons une responsabilisation transparente et nous lions les objectifs de rendement de nos clients directement au travail des membres de notre \u00e9quipe charg\u00e9e des projets. Nos chefs de projets se concentrent enti\u00e8rement sur la livraison op\u00e9rationnelle.<\/p>\n<\/div><\/div>\n\n\n\n<div class=\"wp-block-emagine-column emagine-column5150 inner-column-2\"><div class=\"em-inside-inner-col em-padding-top--none em-padding-right--none em-padding-bottom--none em-padding-left--none em-tablet-padding-top--none em-tablet-padding-right--none em-tablet-padding-bottom--none em-tablet-padding-left--none em-mobile-padding-top--none em-mobile-padding-right--none em-mobile-padding-bottom--none em-mobile-padding-left--none\"><div class=\"wp-block-image hide-on-mobile\">\n<figure class=\"aligncenter size-full is-resized\"><img loading=\"lazy\" decoding=\"async\" width=\"900\" height=\"686\" src=\"https:\/\/www.ppd.com\/fr\/wp-content\/uploads\/sites\/5\/2024\/07\/full-service-crdmo-partner-thermo-fisher-ppd_ss2415868271-min.jpg\" alt=\"full-service-crdmo-partner-thermo-fisher-ppd\" class=\"wp-image-1203\" style=\"aspect-ratio:1.3119533527696794;width:325px;height:auto\" srcset=\"https:\/\/www.ppd.com\/fr\/wp-content\/uploads\/sites\/5\/2024\/07\/full-service-crdmo-partner-thermo-fisher-ppd_ss2415868271-min.jpg 900w, https:\/\/www.ppd.com\/fr\/wp-content\/uploads\/sites\/5\/2024\/07\/full-service-crdmo-partner-thermo-fisher-ppd_ss2415868271-min-300x229.jpg 300w, https:\/\/www.ppd.com\/fr\/wp-content\/uploads\/sites\/5\/2024\/07\/full-service-crdmo-partner-thermo-fisher-ppd_ss2415868271-min-768x585.jpg 768w, https:\/\/www.ppd.com\/fr\/wp-content\/uploads\/sites\/5\/2024\/07\/full-service-crdmo-partner-thermo-fisher-ppd_ss2415868271-min-60x46.jpg 60w\" sizes=\"auto, (max-width: 900px) 100vw, 900px\" \/><\/figure>\n<\/div><\/div><\/div>\n<\/div><\/div><\/div>\n\n\n<section id=\"media-content-block_284936c1bdf6256becfed0a12569028e\" class=\"media-content alignfull has-bg-image thirds-layout align-content-center \">\n\t\n\t\t\t\t\t\t<div class=\"alignwide align-bg\">\n\t\t\n\t\t\n\t\t<div class=\"media-content__image bg-image\">\n\t\t\t\t\t\t\t<div class=\"em-bg-image\">\n\t\t\t\t\t<img src='https:\/\/www.ppd.com\/fr\/wp-content\/uploads\/sites\/5\/2024\/07\/shutterstock_318471329-scaled-1.jpg' width='2200' height='1467' srcset='https:\/\/www.ppd.com\/fr\/wp-content\/uploads\/sites\/5\/2024\/07\/shutterstock_318471329-scaled-1.jpg 2200w, https:\/\/www.ppd.com\/fr\/wp-content\/uploads\/sites\/5\/2024\/07\/shutterstock_318471329-scaled-1-300x200.jpg 300w, https:\/\/www.ppd.com\/fr\/wp-content\/uploads\/sites\/5\/2024\/07\/shutterstock_318471329-scaled-1-1024x683.jpg 1024w, https:\/\/www.ppd.com\/fr\/wp-content\/uploads\/sites\/5\/2024\/07\/shutterstock_318471329-scaled-1-768x512.jpg 768w, https:\/\/www.ppd.com\/fr\/wp-content\/uploads\/sites\/5\/2024\/07\/shutterstock_318471329-scaled-1-1536x1024.jpg 1536w, https:\/\/www.ppd.com\/fr\/wp-content\/uploads\/sites\/5\/2024\/07\/shutterstock_318471329-scaled-1-2048x1366.jpg 2048w, https:\/\/www.ppd.com\/fr\/wp-content\/uploads\/sites\/5\/2024\/07\/shutterstock_318471329-scaled-1-60x40.jpg 60w' alt='project management' \/>\t\t\t\t<\/div>\n\t\t\t\t\t<\/div>\n\n\t\t\t\t\t<div class=\"media-content__content has-container right-content\">\n\t\t\t\t<div class=\"content-container\">\n\t\t\t\t\t\n\t\t\t\t\t\t\t\t\t\t\t<h2 class=\"media-content__title2\">Leadership, communication, r\u00e9sultats<\/h2>\n\t\t\t\t\t\n\t\t\t\t\t\n\t\t\t\t\t\t\t\t\t\t\t<div class=\"media-content__desc\"><p>Nos chefs de projet sont form\u00e9s par l\u2019interm\u00e9diaire de notre programme\u00a0<em>Foundations<\/em>, dans lequel nous soulignons et d\u00e9montrons l\u2019excellence en mati\u00e8re de responsabilisation et de suivi.<\/p>\n<p><strong>Notre chef de projets:<\/strong><\/p>\n<ul class=\"mt-0\">\n<li>Agit \u00e0 titre de ressource et de point de contact principal pour le client et l\u2019\u00e9quipe de projet<\/li>\n<li>Fournit le leadership et l\u2019orientation \u00e0 l\u2019\u00e9quipe de projet, y compris en pr\u00e9cisant les \u00e9ch\u00e9ances, la qualit\u00e9 et le co\u00fbt des livrables<\/li>\n<li>Utilise nos capacit\u00e9s mondiales pour assurer l\u2019efficacit\u00e9 et la pr\u00e9cision tout au long du projet<\/li>\n<li>Cr\u00e9e un cadre de gestion pour optimiser les comp\u00e9tences des chefs fonctionnels et se concentre sur la qualit\u00e9 et l\u2019efficacit\u00e9 des t\u00e2ches individuelles<\/li>\n<li>Suit notre processus global de gestion des risques, en s\u2019attaquant aux obstacles potentiels \u00e0 la r\u00e9alisation des projets<\/li>\n<li>Maintient une approche souple et positive, dans le but de r\u00e9soudre les probl\u00e8mes de mani\u00e8re novatrice et proactive<\/li>\n<\/ul>\n<\/div>\n\t\t\t\t\t\t\t\t\t\t\t\t\t\t\t\n\t\t\t\t\t\t\t\t\t<\/div>\n\t\t\t<\/div>\n\t\t\n\t\t\t\t\t<\/div>\n\t\t\t<\/section>\n","protected":false},"excerpt":{"rendered":null,"protected":false},"author":3,"featured_media":0,"parent":15,"menu_order":0,"comment_status":"closed","ping_status":"closed","template":"","meta":{"_acf_changed":false,"content-type":"","_relevanssi_hide_post":"","_relevanssi_hide_content":"","_relevanssi_pin_for_all":"","_relevanssi_pin_keywords":"","_relevanssi_unpin_keywords":"","_relevanssi_related_keywords":"","_relevanssi_related_include_ids":"","_relevanssi_related_exclude_ids":"","_relevanssi_related_no_append":"","_relevanssi_related_not_related":"","_relevanssi_related_posts":"1","_relevanssi_noindex_reason":"","em_featured_video_id":0,"footnotes":""},"class_list":["post-21","page","type-page","status-publish","hentry"],"acf":[],"_links":{"self":[{"href":"https:\/\/www.ppd.com\/fr\/wp-json\/wp\/v2\/pages\/21","targetHints":{"allow":["GET"]}}],"collection":[{"href":"https:\/\/www.ppd.com\/fr\/wp-json\/wp\/v2\/pages"}],"about":[{"href":"https:\/\/www.ppd.com\/fr\/wp-json\/wp\/v2\/types\/page"}],"author":[{"embeddable":true,"href":"https:\/\/www.ppd.com\/fr\/wp-json\/wp\/v2\/users\/3"}],"replies":[{"embeddable":true,"href":"https:\/\/www.ppd.com\/fr\/wp-json\/wp\/v2\/comments?post=21"}],"version-history":[{"count":0,"href":"https:\/\/www.ppd.com\/fr\/wp-json\/wp\/v2\/pages\/21\/revisions"}],"up":[{"embeddable":true,"href":"https:\/\/www.ppd.com\/fr\/wp-json\/wp\/v2\/pages\/15"}],"wp:attachment":[{"href":"https:\/\/www.ppd.com\/fr\/wp-json\/wp\/v2\/media?parent=21"}],"curies":[{"name":"wp","href":"https:\/\/api.w.org\/{rel}","templated":true}]}}