{"id":25,"date":"2024-06-17T04:17:47","date_gmt":"2024-06-17T04:17:47","guid":{"rendered":"https:\/\/www.ppd.com\/fr\/?page_id=25"},"modified":"2024-08-16T14:17:49","modified_gmt":"2024-08-16T14:17:49","slug":"biostatistics-and-programming","status":"publish","type":"page","link":"https:\/\/www.ppd.com\/fr\/clinical-development\/phase-ii-iv-clinical-trial-management\/biostatistics-and-programming\/","title":{"rendered":"Biostatistique"},"content":{"rendered":"\n<div class=\"wp-block-emagine-columns alignfull\"><div id=\"em-layout-id_f81e48-03\" class=\"em-row-layout-inner em-margin-top--default em-margin-bottom--default em-tablet-margin-top--default em-tablet-margin-bottom--default em-mobile-margin-top--default em-mobile-margin-bottom--default   em-layout-id_f81e48-03\"><div class=\"em-row-column-wrap em-has-2-columns em-gutter-default em-row-valign-top em-row-layout-left-golden em-tab-layout-left-golden em-m-colapse-left-to-right em-mobile-layout-row em-padding-top--default em-padding-bottom--default em-tablet-padding-top--default em-tablet-padding-bottom--default em-mobile-padding-top--default em-mobile-padding-bottom--default alignwide\">\n<div class=\"wp-block-emagine-column emagine-column9049 inner-column-1\"><div class=\"em-inside-inner-col em-padding-top--none em-padding-right--medium em-padding-bottom--none em-padding-left--none em-tablet-padding-top--none em-tablet-padding-right--medium em-tablet-padding-bottom--none em-tablet-padding-left--none em-mobile-padding-top--none em-mobile-padding-right--none em-mobile-padding-bottom--none em-mobile-padding-left--none\">\n<p>La division de recherche clinique PPD\u2122 de l&#8217;\u00e9quipe mondiale de biostatistique et de programmation de Thermo Fisher Scientific offre plus que des analyses statistiques. Nous apportons une compr\u00e9hension approfondie de la science des maladies et des compos\u00e9s, en plus de fournir une pr\u00e9cieuse conception d\u2019\u00e9tude initiale et une aide \u00e0 la planification compl\u00e8te qui :<\/p>\n\n\n\n<ul class=\"mt-0 wp-block-list\">\n<li>Acc\u00e9l\u00e8re le processus d\u00e9cisionnel<\/li>\n\n\n\n<li>R\u00e9duit le risque de d\u00e9lais et d\u2019erreurs<\/li>\n\n\n\n<li>Assure la coh\u00e9rence et la qualit\u00e9 des livrables \u00e0 l\u2019\u00e9chelle mondiale<\/li>\n\n\n\n<li>Optimise l\u2019efficacit\u00e9 gr\u00e2ce \u00e0 des processus rigoureux et \u00e0 une infrastructure globale<\/li>\n<\/ul>\n<\/div><\/div>\n\n\n\n<div class=\"wp-block-emagine-column emagine-column9602 inner-column-2\"><div class=\"em-inside-inner-col em-padding-top--none em-padding-right--none em-padding-bottom--none em-padding-left--none em-tablet-padding-top--none em-tablet-padding-right--none em-tablet-padding-bottom--none em-tablet-padding-left--none em-mobile-padding-top--none em-mobile-padding-right--none em-mobile-padding-bottom--none em-mobile-padding-left--none\">\n<figure class=\"wp-block-image size-full hide-on-mobile\"><img loading=\"lazy\" decoding=\"async\" width=\"800\" height=\"533\" src=\"https:\/\/www.ppd.com\/fr\/wp-content\/uploads\/sites\/5\/2024\/07\/regulatory-compliance-meeting_ss731640976.jpg\" alt=\"biostatistiques meeting\" class=\"wp-image-1211\" srcset=\"https:\/\/www.ppd.com\/fr\/wp-content\/uploads\/sites\/5\/2024\/07\/regulatory-compliance-meeting_ss731640976.jpg 800w, https:\/\/www.ppd.com\/fr\/wp-content\/uploads\/sites\/5\/2024\/07\/regulatory-compliance-meeting_ss731640976-300x200.jpg 300w, https:\/\/www.ppd.com\/fr\/wp-content\/uploads\/sites\/5\/2024\/07\/regulatory-compliance-meeting_ss731640976-768x512.jpg 768w, https:\/\/www.ppd.com\/fr\/wp-content\/uploads\/sites\/5\/2024\/07\/regulatory-compliance-meeting_ss731640976-60x40.jpg 60w\" sizes=\"auto, (max-width: 800px) 100vw, 800px\" \/><\/figure>\n<\/div><\/div>\n<\/div><\/div><\/div>\n\n\n<section id=\"media-content-block_09e1adc61f51c0696d929528614c56bb\" class=\"media-content alignfull has-bg-image thirds-layout align-content-center \">\n\t\n\t\t\t\t\t\t<div class=\"alignwide align-bg\">\n\t\t\n\t\t\n\t\t<div class=\"media-content__image bg-image\">\n\t\t\t\t\t\t\t<div class=\"em-bg-image\">\n\t\t\t\t\t<img src='https:\/\/www.ppd.com\/fr\/wp-content\/uploads\/sites\/5\/2024\/07\/study-planning_1955362555.jpg' width='1200' height='675' srcset='https:\/\/www.ppd.com\/fr\/wp-content\/uploads\/sites\/5\/2024\/07\/study-planning_1955362555.jpg 1200w, https:\/\/www.ppd.com\/fr\/wp-content\/uploads\/sites\/5\/2024\/07\/study-planning_1955362555-300x169.jpg 300w, https:\/\/www.ppd.com\/fr\/wp-content\/uploads\/sites\/5\/2024\/07\/study-planning_1955362555-1024x576.jpg 1024w, https:\/\/www.ppd.com\/fr\/wp-content\/uploads\/sites\/5\/2024\/07\/study-planning_1955362555-768x432.jpg 768w, https:\/\/www.ppd.com\/fr\/wp-content\/uploads\/sites\/5\/2024\/07\/study-planning_1955362555-60x34.jpg 60w, https:\/\/www.ppd.com\/fr\/wp-content\/uploads\/sites\/5\/2024\/07\/study-planning_1955362555-995x560.jpg 995w' alt='study-planning' \/>\t\t\t\t<\/div>\n\t\t\t\t\t<\/div>\n\n\t\t\t\t\t<div class=\"media-content__content has-container right-content\">\n\t\t\t\t<div class=\"content-container\">\n\t\t\t\t\t\n\t\t\t\t\t\t\t\t\t\t\t<h2 class=\"media-content__title2\">Une vaste exp\u00e9rience, des services biostatistiques sur mesure<\/h2>\n\t\t\t\t\t\n\t\t\t\t\t\n\t\t\t\t\t\t\t\t\t\t\t<div class=\"media-content__desc\"><p>Notre service complet de biostatistique clinique peut \u00eatre personnalis\u00e9 pour r\u00e9pondre aux besoins de votre projet :<\/p>\n<ul class=\"mt-0\">\n<li>Planification du d\u00e9veloppement clinique, conception d\u2019\u00e9tude, strat\u00e9gies en mati\u00e8re d\u2019analyse et de crit\u00e8res d\u2019\u00e9valuation, ainsi que soutien li\u00e9 aux m\u00e9thodologies et aux plans d\u2019analyse statistique<\/li>\n<li>Cr\u00e9ation d\u2019un calendrier de r\u00e9partition al\u00e9atoire et int\u00e9gration avec la gestion des produits exp\u00e9rimentaux, syst\u00e8mes de technologie de r\u00e9ponse interactive\u00a0(SRI), ainsi que d\u2019autres besoins en mati\u00e8re de planification de projet<\/li>\n<li>Interpr\u00e9tation et communication des r\u00e9sultats sur des bases scientifiques solides, ainsi que production des r\u00e9sultats livrables complets efficace et de qualit\u00e9<\/li>\n<li>Pr\u00e9sentations d\u2019analyses en temps r\u00e9el et publications fr\u00e9quentes, automatis\u00e9es et s\u00e9curis\u00e9es sur le Web<\/li>\n<li>Conseils statistiques, conception et ex\u00e9cution d\u2019\u00e9tudes de conception adaptative pour toutes les phases d\u2019essai, de l\u2019ajustement de la dose initiale aux services suivant l\u2019approbation d\u2019un produit<\/li>\n<li>Notre \u00e9quipe de biostatisticiens travaille avec la Conf\u00e9rence internationale sur l\u2019harmonisation (ICH E9 [R1]) depuis la publication de l\u2019\u00e9bauche des lignes directrices et direction d\u2019un groupe de travail interfonctionnel aux fins d\u2019assurer la conformit\u00e9 totale \u00e0 chacune des \u00e9tapes<\/li>\n<\/ul>\n<\/div>\n\t\t\t\t\t\t\t\t\t\t\t\t\t\t\t\n\t\t\t\t\t\t\t\t\t<\/div>\n\t\t\t<\/div>\n\t\t\n\t\t\t\t\t<\/div>\n\t\t\t<\/section>\n\n\n<section id=\"media-content-block_aa2228e8f213daba50bc10cc3b7894db\" class=\"media-content alignfull has-bg-image thirds-layout invert-mobile align-content-center \">\n\t\n\t\t\t\t\t\t<div class=\"alignwide align-bg\">\n\t\t\n\t\t\t\t\t<div class=\"media-content__content has-container left-content\">\n\t\t\t\t<div class=\"content-container\">\n\t\t\t\t\t\n\t\t\t\t\t\t\t\t\t\t\t<h2 class=\"media-content__title2\">Des rapports biostatistiques complets et concis<\/h2>\n\t\t\t\t\t\n\t\t\t\t\t\n\t\t\t\t\t\t\t\t\t\t\t<div class=\"media-content__desc\"><p>Apr\u00e8s l\u2019\u00e9laboration d\u2019un plan bien d\u00e9velopp\u00e9, la mise en \u0153uvre de l\u2019analyse statistique fournit en temps opportun des livrables de haute qualit\u00e9 aux clients. Nous garantissons des rapports complets et concis de la mani\u00e8re suivante :<\/p>\n<ul class=\"mt-0\">\n<li>Une plateforme informatique centralis\u00e9e qui r\u00e9unit des biostatisticiens et des programmeurs du monde entier, ce qui permet d\u2019augmenter la productivit\u00e9, de gagner du temps et d\u2019am\u00e9liorer la s\u00e9curit\u00e9 des donn\u00e9es<\/li>\n<li>Des strat\u00e9gies d\u2019analyse conformes aux normes de l\u2019ICH<\/li>\n<li>La production de tableaux, de listes et de figures pr\u00eats \u00e0 faire l\u2019objet d\u2019une v\u00e9rification<\/li>\n<li>Transmission de donn\u00e9es pr\u00eates \u00e0 la pr\u00e9sentation de nouveau m\u00e9dicament\u00a0(PNM) au format\u00a0CDISC (<em>Clinical Data Interchange Standards Consortium<\/em>)<\/li>\n<li>Soumissions int\u00e9gr\u00e9es des sections statistiques<\/li>\n<li>R\u00e9sultats du comit\u00e9 de surveillance des donn\u00e9es sur l\u2019innocuit\u00e9\u00a0(CSDI), analyses provisoires et mises \u00e0 jour sur l\u2019innocuit\u00e9 relative \u00e0 une demande de drogue nouvelle de recherche\u00a0(DNR)<\/li>\n<li>R\u00e9daction de rapports m\u00e9thodologiques complets d\u00e9crivant les analyses pr\u00e9vues et les analyses exploratoires<\/li>\n<li>Collaboration avec des r\u00e9dacteurs m\u00e9dicaux et des scientifiques cliniques pour assurer une interpr\u00e9tation appropri\u00e9e des r\u00e9sultats quantitatifs<\/li>\n<li>Soutien pour les manuscrits et les r\u00e9sum\u00e9s<\/li>\n<\/ul>\n<\/div>\n\t\t\t\t\t\t\t\t\t\t\t\t\t\t\t\n\t\t\t\t\t\t\t\t\t<\/div>\n\t\t\t<\/div>\n\t\t\n\t\t<div class=\"media-content__image bg-image\">\n\t\t\t\t\t\t\t<div class=\"em-bg-image\">\n\t\t\t\t\t<img src='https:\/\/www.ppd.com\/fr\/wp-content\/uploads\/sites\/5\/2024\/07\/reporting-shutterstock_300549668.jpg' width='1200' height='675' srcset='https:\/\/www.ppd.com\/fr\/wp-content\/uploads\/sites\/5\/2024\/07\/reporting-shutterstock_300549668.jpg 1200w, https:\/\/www.ppd.com\/fr\/wp-content\/uploads\/sites\/5\/2024\/07\/reporting-shutterstock_300549668-300x169.jpg 300w, https:\/\/www.ppd.com\/fr\/wp-content\/uploads\/sites\/5\/2024\/07\/reporting-shutterstock_300549668-1024x576.jpg 1024w, https:\/\/www.ppd.com\/fr\/wp-content\/uploads\/sites\/5\/2024\/07\/reporting-shutterstock_300549668-768x432.jpg 768w, https:\/\/www.ppd.com\/fr\/wp-content\/uploads\/sites\/5\/2024\/07\/reporting-shutterstock_300549668-60x34.jpg 60w, https:\/\/www.ppd.com\/fr\/wp-content\/uploads\/sites\/5\/2024\/07\/reporting-shutterstock_300549668-995x560.jpg 995w' alt='reporting' \/>\t\t\t\t<\/div>\n\t\t\t\t\t<\/div>\n\n\t\t\n\t\t\t\t\t<\/div>\n\t\t\t<\/section>\n\n\n<section id=\"bg-content-block-block_cd4ce7d32bdc5680ae539a97fecaa960\" class=\"bg-content-block alignfull\">\n\t\t\t<div class=\"em-bg-image\">\n\t\t\t<img src='https:\/\/www.ppd.com\/fr\/wp-content\/uploads\/sites\/5\/2024\/07\/expert-team-analysis-shutterstock_1607160919.jpg' width='1000' height='667' srcset='https:\/\/www.ppd.com\/fr\/wp-content\/uploads\/sites\/5\/2024\/07\/expert-team-analysis-shutterstock_1607160919.jpg 1000w, https:\/\/www.ppd.com\/fr\/wp-content\/uploads\/sites\/5\/2024\/07\/expert-team-analysis-shutterstock_1607160919-300x200.jpg 300w, https:\/\/www.ppd.com\/fr\/wp-content\/uploads\/sites\/5\/2024\/07\/expert-team-analysis-shutterstock_1607160919-768x512.jpg 768w, https:\/\/www.ppd.com\/fr\/wp-content\/uploads\/sites\/5\/2024\/07\/expert-team-analysis-shutterstock_1607160919-60x40.jpg 60w' alt='Man,And,Woman,Having,Business,Meeting,In,Cafe,Using,Tablet' \/>\t\t<\/div>\n\t\n\t<div class=\"bg-content-block__overlay\">\n\t\t<div class=\"inner alignwide\">\n\t\t\t<div class=\"bg-content-block__body\">\n\t\t\t\t\t\t\t\t<h2 class=\"bg-content-block__title\">Analyse statistique experte<\/h2>\n\t\t\t\t\t\t\t\t\t\t\t\t<div class=\"bg-content-block__content\"><p>Notre \u00e9quipe internationale de biostatisticiens poss\u00e8de une vaste exp\u00e9rience th\u00e9rapeutique; nos statisticiens sont titulaires de dipl\u00f4mes d\u2019\u00e9tudes sup\u00e9rieures. Nous ajoutons de la valeur aux projets de nos clients au moyen d\u2019informations, d\u2019analyses, d\u2019interpr\u00e9tations et de conceptions d\u2019\u00e9tude fond\u00e9es sur des donn\u00e9es.<\/p>\n<\/div>\n\t\t\t\t\t\t\t<\/div>\n\t\t<\/div>\n\t<\/div>\n<\/section>\n","protected":false},"excerpt":{"rendered":null,"protected":false},"author":3,"featured_media":134,"parent":15,"menu_order":0,"comment_status":"closed","ping_status":"closed","template":"","meta":{"_acf_changed":false,"content-type":"","_relevanssi_hide_post":"","_relevanssi_hide_content":"","_relevanssi_pin_for_all":"","_relevanssi_pin_keywords":"","_relevanssi_unpin_keywords":"","_relevanssi_related_keywords":"","_relevanssi_related_include_ids":"","_relevanssi_related_exclude_ids":"","_relevanssi_related_no_append":"","_relevanssi_related_not_related":"","_relevanssi_related_posts":"1","_relevanssi_noindex_reason":"","em_featured_video_id":0,"footnotes":""},"class_list":["post-25","page","type-page","status-publish","has-post-thumbnail","hentry"],"acf":[],"_links":{"self":[{"href":"https:\/\/www.ppd.com\/fr\/wp-json\/wp\/v2\/pages\/25","targetHints":{"allow":["GET"]}}],"collection":[{"href":"https:\/\/www.ppd.com\/fr\/wp-json\/wp\/v2\/pages"}],"about":[{"href":"https:\/\/www.ppd.com\/fr\/wp-json\/wp\/v2\/types\/page"}],"author":[{"embeddable":true,"href":"https:\/\/www.ppd.com\/fr\/wp-json\/wp\/v2\/users\/3"}],"replies":[{"embeddable":true,"href":"https:\/\/www.ppd.com\/fr\/wp-json\/wp\/v2\/comments?post=25"}],"version-history":[{"count":0,"href":"https:\/\/www.ppd.com\/fr\/wp-json\/wp\/v2\/pages\/25\/revisions"}],"up":[{"embeddable":true,"href":"https:\/\/www.ppd.com\/fr\/wp-json\/wp\/v2\/pages\/15"}],"wp:featuredmedia":[{"embeddable":true,"href":"https:\/\/www.ppd.com\/fr\/wp-json\/wp\/v2\/media\/134"}],"wp:attachment":[{"href":"https:\/\/www.ppd.com\/fr\/wp-json\/wp\/v2\/media?parent=25"}],"curies":[{"name":"wp","href":"https:\/\/api.w.org\/{rel}","templated":true}]}}