{"id":42,"date":"2024-06-17T04:15:16","date_gmt":"2024-06-17T04:15:16","guid":{"rendered":"https:\/\/www.ppd.com\/fr\/?page_id=42"},"modified":"2024-08-16T14:20:15","modified_gmt":"2024-08-16T14:20:15","slug":"project-delivery","status":"publish","type":"page","link":"https:\/\/www.ppd.com\/fr\/functional-service-providers\/project-delivery\/","title":{"rendered":"Livraison de projets des\u00a0PSF\u00a0"},"content":{"rendered":"\n<div class=\"wp-block-emagine-columns alignfull\"><div id=\"em-layout-id_47075f-8f\" class=\"em-row-layout-inner em-margin-top--default em-margin-bottom--default em-tablet-margin-top--default em-tablet-margin-bottom--default em-mobile-margin-top--default em-mobile-margin-bottom--default   em-layout-id_47075f-8f\"><div class=\"em-row-column-wrap em-has-2-columns em-gutter-default em-row-valign-top em-row-layout-left-golden em-tab-layout-inherit em-m-colapse-left-to-right em-mobile-layout-row em-padding-top--default em-padding-bottom--default em-tablet-padding-top--default em-tablet-padding-bottom--default em-mobile-padding-top--default em-mobile-padding-bottom--default alignwide\">\n<div class=\"wp-block-emagine-column emagine-column240 inner-column-1\"><div class=\"em-inside-inner-col em-padding-top--none em-padding-right--medium em-padding-bottom--none em-padding-left--none em-tablet-padding-top--none em-tablet-padding-right--medium em-tablet-padding-bottom--none em-tablet-padding-left--none em-mobile-padding-top--none em-mobile-padding-right--none em-mobile-padding-bottom--medium em-mobile-padding-left--none\">\n<h2 class=\"wp-block-heading\">Gestion de projets exceptionnelle pour vous aider \u00e0 respecter vos \u00e9ch\u00e9ances<\/h2>\n\n\n\n<p>Que vous ayez besoin d\u2019une solution compl\u00e8te de livraison de projets ou d\u2019un personnel hautement qualifi\u00e9 pour compl\u00e9ter vos capacit\u00e9s actuelles, les solutions de livraison de projets des partenariats de services fonctionnels (PSF) de PPD\u2122 proposent une vaste expertise en gestion de projets vous permettant de livrer vos projets dans les d\u00e9lais pr\u00e9vus, tout en vous offrant la souplesse, la fiabilit\u00e9 et la continuit\u00e9 des ressources dont vous avez tant besoin.<\/p>\n<\/div><\/div>\n\n\n\n<div class=\"wp-block-emagine-column emagine-column7531 inner-column-2\"><div class=\"em-inside-inner-col em-padding-top--none em-padding-right--none em-padding-bottom--none em-padding-left--none em-tablet-padding-top--none em-tablet-padding-right--none em-tablet-padding-bottom--none em-tablet-padding-left--none em-mobile-padding-top--none em-mobile-padding-right--none em-mobile-padding-bottom--none em-mobile-padding-left--none\"><div class=\"wp-block-image hide-on-mobile\">\n<figure class=\"aligncenter size-full is-resized\"><img loading=\"lazy\" decoding=\"async\" width=\"632\" height=\"678\" src=\"https:\/\/www.ppd.com\/fr\/wp-content\/uploads\/sites\/5\/2024\/07\/hex-cutout-woman-laptop.jpg\" alt=\"hex-cutout-woman-laptop\" class=\"wp-image-1253\" style=\"aspect-ratio:0.9321533923303835;width:309px;height:auto\" srcset=\"https:\/\/www.ppd.com\/fr\/wp-content\/uploads\/sites\/5\/2024\/07\/hex-cutout-woman-laptop.jpg 632w, https:\/\/www.ppd.com\/fr\/wp-content\/uploads\/sites\/5\/2024\/07\/hex-cutout-woman-laptop-280x300.jpg 280w, https:\/\/www.ppd.com\/fr\/wp-content\/uploads\/sites\/5\/2024\/07\/hex-cutout-woman-laptop-47x50.jpg 47w\" sizes=\"auto, (max-width: 632px) 100vw, 632px\" \/><\/figure>\n<\/div><\/div><\/div>\n<\/div><\/div><\/div>\n\n\n\n<div class=\"wp-block-emagine-columns alignfull\"><div id=\"em-layout-id_ba4413-e7\" class=\"em-row-layout-inner em-margin-top--none em-margin-bottom--none em-tablet-margin-top--none em-tablet-margin-bottom--none em-mobile-margin-top--none em-mobile-margin-bottom--none em-row-has-bg  em-layout-id_ba4413-e7\"><div class=\"em-row-column-wrap em-has-1-columns em-gutter-default em-row-valign-top em-row-layout-equal em-tab-layout-inherit em-m-colapse-left-to-right em-mobile-layout-row em-padding-top--xlarge em-padding-bottom--xlarge em-tablet-padding-top--xlarge em-tablet-padding-bottom--xlarge em-mobile-padding-top--xlarge em-mobile-padding-bottom--xlarge alignwide\">\n<div class=\"wp-block-emagine-column emagine-column6299 inner-column-1\"><div class=\"em-inside-inner-col em-padding-top--none em-padding-right--none em-padding-bottom--none em-padding-left--none em-tablet-padding-top--none em-tablet-padding-right--none em-tablet-padding-bottom--none em-tablet-padding-left--none em-mobile-padding-top--none em-mobile-padding-right--none em-mobile-padding-bottom--none em-mobile-padding-left--none\">\n<h2 class=\"wp-block-heading has-text-align-left h2-large\" style=\"text-transform:none\">Une expertise compl\u00e8te en gestion de projets pour livrer vos projets \u00e0 temps<\/h2>\n\n\n\n<p>Fort de d\u00e9cennies d\u2019exp\u00e9rience et d\u2019expertise en mati\u00e8re de livraison de projets, notre personnel est outill\u00e9 pour g\u00e9rer tous les aspects de vos projets, afin de garantir le respect de vos \u00e9ch\u00e9ances. Nous nous sp\u00e9cialisons \u00e0 la fois en gestion de projets et en gestion des \u00e9quipes cliniques, afin de soutenir toutes les phases de d\u00e9veloppement \u2013 des produits pr\u00e9cliniques et cliniques aux produits commercialis\u00e9s. Notre engagement envers la qualit\u00e9, la fiabilit\u00e9 et la continuit\u00e9 est sans compromis.<\/p>\n<\/div><\/div>\n<\/div><\/div><\/div>\n\n\n<section id=\"media-content-block_ee67982e46e041c8da3ed8097778129e\" class=\"media-content alignfull has-blue-l-background-color bg-color has-bg-image dark-text thirds-layout invert-mobile align-content-top \">\n\t\n\t\t\t\t\t\t<div class=\"alignwide align-bg\">\n\t\t\n\t\t\t\t\t<div class=\"media-content__content has-container left-content\">\n\t\t\t\t<div class=\"content-container\">\n\t\t\t\t\t\n\t\t\t\t\t\t\t\t\t\t\t<h3 class=\"media-content__title2\">Nous couvrons tous les aspects de la gestion de projets, notamment :<\/h3>\n\t\t\t\t\t\n\t\t\t\t\t\n\t\t\t\t\t\t\t\t\t\t\t<div class=\"media-content__desc\"><ul>\n<li><strong>Planification de projet<\/strong> : Diriger l\u2019\u00e9laboration et la communication des plans de projet \u00e0 l\u2019aide de nos mod\u00e8les; organiser la participation strat\u00e9gique interfonctionnelle \u00e0 la pr\u00e9paration des protocoles ou \u00e0 la conception des projets par des experts en affaires r\u00e9glementaires, en statistiques, dans les domaines th\u00e9rapeutiques ou d\u2019autres domaines, selon les besoins.<\/li>\n<li><strong>Communications des projets<\/strong> : Pr\u00e9sider des r\u00e9unions en personne et des t\u00e9l\u00e9conf\u00e9rences, r\u00e9diger des rapports sur l\u2019\u00e9tat d\u2019avancement des projets et effectuer des mises \u00e0 jour de projets, conform\u00e9ment aux plans de projet approuv\u00e9s, dans le but d\u2019informer les parties prenantes et de veiller \u00e0 ce que les activit\u00e9s du projet respectent le calendrier pr\u00e9vu<\/li>\n<li><strong>Pr\u00e9paration \u00e0 la v\u00e9rification<\/strong> : \u00c9laborer des plans de pr\u00e9paration \u00e0 la v\u00e9rification, notamment des renseignements sur les chefs des \u00e9quipes de projets, la conformit\u00e9 des formations, les modes op\u00e9ratoires normalis\u00e9s (MON) relatifs aux projets, le caract\u00e8re actuel des plans de projet et les rapports de projets examin\u00e9s \u00e0 intervalles r\u00e9guliers; superviser la formation et l\u2019ex\u00e9cution des plans dans l\u2019ensemble des services<\/li>\n<li><strong>Escalade et gestion des probl\u00e8mes<\/strong> : Suivez notre proc\u00e9dure d&#8217;escalade relatif \u00e0 l\u2019escalade des probl\u00e8mes pour examiner les projets \u00e0 intervalles d\u00e9termin\u00e9s, en triant les probl\u00e8mes aux fins d\u2019examen et d\u2019att\u00e9nuation afin de contribuer \u00e0 la bonne ex\u00e9cution du projet; cr\u00e9er des points de contact et des voies d\u2019escalade bien d\u00e9finis, afin de s\u2019assurer de combler rapidement les besoins<\/li>\n<li><strong>Gestion des fournisseurs<\/strong> : G\u00e9rer les \u00e9ch\u00e9anciers, le rendement et les livrables des fournisseurs, afin d\u2019\u00e9valuer les risques, les tendances en mati\u00e8re de qualit\u00e9 et les finances, ainsi qu\u2019assurer l\u2019exactitude des pr\u00e9visions des \u00e9ch\u00e9anciers des projets et les lancements; fournir un document de travail sur les pratiques visant \u00e0 r\u00e9pondre aux pr\u00e9occupations relatives aux conflits d\u2019int\u00e9r\u00eats<\/li>\n<li><strong>Gestion financi\u00e8re<\/strong> : Pr\u00e9sider des r\u00e9unions mensuelles sur l\u2019\u00e9tat des finances et mettre en \u0153uvre des mesures de contr\u00f4le appropri\u00e9es (p. ex. v\u00e9rifications mensuelles du caract\u00e8re actuel et de l\u2019exactitude des donn\u00e9es, analyse des donn\u00e9es pour d\u00e9celer les tendances et les risques financiers); utiliser une seule plateforme pour les finances d\u2019un projet, \u00e0 laquelle toutes les parties concern\u00e9es ont acc\u00e8s<\/li>\n<li><strong>Formation propres aux projets<\/strong> : \u00c9laborer des plans de formation, puis former le personnel de l\u2019\u00e9tude aux aspects scientifiques, th\u00e9rapeutiques et cliniques de l\u2019indication, ainsi qu\u2019aux proc\u00e9dures du client utilis\u00e9es dans le cadre des projets, en vue d\u2019en assurer la conformit\u00e9<\/li>\n<\/ul>\n<\/div>\n\t\t\t\t\t\t\t\t\t\t\t\t\t\t\t\n\t\t\t\t\t\t\t\t\t<\/div>\n\t\t\t<\/div>\n\t\t\n\t\t<div class=\"media-content__image bg-image\">\n\t\t\t\t\t\t\t<div class=\"em-bg-image\">\n\t\t\t\t\t<img src='https:\/\/www.ppd.com\/fr\/wp-content\/uploads\/sites\/5\/2024\/06\/team-project-vertical-shutterstock_1517113610-1.jpg' width='800' height='969' srcset='https:\/\/www.ppd.com\/fr\/wp-content\/uploads\/sites\/5\/2024\/06\/team-project-vertical-shutterstock_1517113610-1.jpg 800w, https:\/\/www.ppd.com\/fr\/wp-content\/uploads\/sites\/5\/2024\/06\/team-project-vertical-shutterstock_1517113610-1-248x300.jpg 248w, https:\/\/www.ppd.com\/fr\/wp-content\/uploads\/sites\/5\/2024\/06\/team-project-vertical-shutterstock_1517113610-1-768x930.jpg 768w, https:\/\/www.ppd.com\/fr\/wp-content\/uploads\/sites\/5\/2024\/06\/team-project-vertical-shutterstock_1517113610-1-41x50.jpg 41w' alt='' \/>\t\t\t\t<\/div>\n\t\t\t\t\t<\/div>\n\n\t\t\n\t\t\t\t\t<\/div>\n\t\t\t<\/section>\n\n\n\n<div class=\"wp-block-emagine-columns alignfull\"><div id=\"em-layout-id_d156a1-68\" class=\"em-row-layout-inner em-margin-top--none em-margin-bottom--none em-tablet-margin-top--none em-tablet-margin-bottom--none em-mobile-margin-top--none em-mobile-margin-bottom--none   em-layout-id_d156a1-68\"><div class=\"em-row-column-wrap em-has-1-columns em-gutter-default em-row-valign-top em-row-layout-equal em-tab-layout-inherit em-m-colapse-left-to-right em-mobile-layout-row em-padding-top--xlarge em-padding-bottom--xlarge em-tablet-padding-top--xlarge em-tablet-padding-bottom--xlarge em-mobile-padding-top--xlarge em-mobile-padding-bottom--xlarge alignwide\">\n<div class=\"wp-block-emagine-column emagine-column6859 inner-column-1\"><div class=\"em-inside-inner-col em-padding-top--none em-padding-right--none em-padding-bottom--none em-padding-left--none em-tablet-padding-top--none em-tablet-padding-right--none em-tablet-padding-bottom--none em-tablet-padding-left--none em-mobile-padding-top--none em-mobile-padding-right--none em-mobile-padding-bottom--none em-mobile-padding-left--none\">\n<h2 class=\"wp-block-heading has-text-align-left h2-large\" style=\"text-transform:none\">Des experts en r\u00e9solution de probl\u00e8mes, des communicateurs et des collaborateurs au service de la pr\u00e9cision et de l\u2019efficacit\u00e9<\/h2>\n<\/div><\/div>\n<\/div><\/div><\/div>\n\n\n<section id=\"media-content-block_e6447a49134a0ecc0030466a34b131dc\" class=\"media-content alignfull has-bg-image dark-text thirds-layout invert-mobile align-content-top \">\n\t\n\t\t\t\t\t\t<div class=\"alignwide align-bg\">\n\t\t\n\t\t\t\t\t<div class=\"media-content__content has-container left-content\">\n\t\t\t\t<div class=\"content-container\">\n\t\t\t\t\t\n\t\t\t\t\t\t\t\t\t\t\t<h3 class=\"media-content__title2\">Un leadership fort et une culture d\u2019\u00e9quipe collaborative sont les moteurs de votre succ\u00e8s<\/h3>\n\t\t\t\t\t\n\t\t\t\t\t\n\t\t\t\t\t\t\t\t\t\t\t<div class=\"media-content__desc\"><p>Nous comprenons que la cl\u00e9 du succ\u00e8s r\u00e9side dans le fait que des personnes de qualit\u00e9 dirigent les projets. Voici une description nos chefs de projet FSP:<\/p>\n<ul>\n<li>Des sp\u00e9cialistes de la r\u00e9solution de probl\u00e8mes ax\u00e9s sur le client et des communicateurs efficaces dot\u00e9s d\u2019excellentes comp\u00e9tences de service \u00e0 la client\u00e8le, ce qui leur permet de comprendre la culture et les objectifs de perfectionnement de votre \u00e9quipe et de les int\u00e9grer harmonieusement<\/li>\n<li>Choisis pour leur expertise en gestion de projets et leur capacit\u00e9 \u00e0 \u00e9valuer et \u00e0 attribuer des priorit\u00e9s aux t\u00e2ches ainsi qu\u2019\u00e0 rep\u00e9rer les risques<\/li>\n<li>Des penseurs strat\u00e9giques faisant preuve d\u2019une grande capacit\u00e9 d\u2019adaptation qui planifient l\u2019avenir et se retournent rapidement pour s\u2019assurer que vos projets sont men\u00e9s \u00e0 bien dans les d\u00e9lais impartis lorsqu\u2019ils font face \u00e0 des probl\u00e8mes<\/li>\n<li>S\u00e9lectionn\u00e9s pour leurs comp\u00e9tences exceptionnelles en service \u00e0 la client\u00e8le, qui s\u2019am\u00e9liorent et se raffinent gr\u00e2ce aux processus de formation, d\u2019encadrement et d\u2019\u00e9valuation continus<\/li>\n<li>Ils abordent r\u00e9guli\u00e8rement les pratiques exemplaires en mati\u00e8re de gestion des \u00e9tudes avec leur \u00e9quipe pour faciliter la livraison des projets; ils ont acc\u00e8s \u00e0 des \u00e9tudes de cas.<\/li>\n<\/ul>\n<p><strong>Plus que de simples gestionnaires de projets, nos chefs de livraison de projets poss\u00e8dent \u00e9galement de l\u2019exp\u00e9rience dans toutes les phases du d\u00e9veloppement clinique et de la mise au point des protocoles, y compris :<\/strong><\/p>\n<ul>\n<li>Lancement de projet<\/li>\n<li>Inscription<\/li>\n<li>Entretien<\/li>\n<li>Verrouillage\/fermeture des bases de donn\u00e9es<\/li>\n<li>\u00c9tudes de phase I \u00e0 III et \u00e9tudes men\u00e9es apr\u00e8s l\u2019approbation ou autour du moment de l\u2019approbation<\/li>\n<li>Affaires r\u00e9glementaires<\/li>\n<li>Domaines th\u00e9rapeutiques sp\u00e9cifiques\/expertise technique<\/li>\n<li>Biostatistique<\/li>\n<\/ul>\n<p>Outill\u00e9s de connaissances et d\u2019une expertise en gestion de projets et en contextes d\u2019incorporation dans le milieu de travail des clients, des gestionnaires de personnel qui se consacrent aux PSF supervisent nos chefs de livraison de projets. Ces gestionnaires sont sp\u00e9cialement form\u00e9s et exp\u00e9riment\u00e9s pour assurer la livraison des projets dans les d\u00e9lais impartis, tout en veillant \u00e0 la pr\u00e9cision et \u00e0 la souplesse tout au long du processus. La conception de notre infrastructure des PSF comporte le moins grand nombre de niveaux de gestion, donnant ainsi un acc\u00e8s direct aux parrains de projets. Cela nous permet de maximiser l\u2019efficacit\u00e9 et la r\u00e9activit\u00e9, en rationalisant la communication.<\/p>\n<\/div>\n\t\t\t\t\t\t\t\t\t\t\t\t\t\t\t\n\t\t\t\t\t\t\t\t\t<\/div>\n\t\t\t<\/div>\n\t\t\n\t\t<div class=\"media-content__image bg-image\">\n\t\t\t\t\t\t\t<div class=\"em-bg-image\">\n\t\t\t\t\t<img src='https:\/\/www.ppd.com\/fr\/wp-content\/uploads\/sites\/5\/2024\/06\/team-project-leadership-collaboration-vertical-shutterstock_748719808.jpg' width='800' height='1001' srcset='https:\/\/www.ppd.com\/fr\/wp-content\/uploads\/sites\/5\/2024\/06\/team-project-leadership-collaboration-vertical-shutterstock_748719808.jpg 800w, https:\/\/www.ppd.com\/fr\/wp-content\/uploads\/sites\/5\/2024\/06\/team-project-leadership-collaboration-vertical-shutterstock_748719808-240x300.jpg 240w, https:\/\/www.ppd.com\/fr\/wp-content\/uploads\/sites\/5\/2024\/06\/team-project-leadership-collaboration-vertical-shutterstock_748719808-768x961.jpg 768w, https:\/\/www.ppd.com\/fr\/wp-content\/uploads\/sites\/5\/2024\/06\/team-project-leadership-collaboration-vertical-shutterstock_748719808-40x50.jpg 40w' alt='' \/>\t\t\t\t<\/div>\n\t\t\t\t\t<\/div>\n\n\t\t\n\t\t\t\t\t<\/div>\n\t\t\t<\/section>\n\n\n\n<div class=\"wp-block-emagine-columns alignfull\"><div id=\"em-layout-id_5ce7d7-73\" class=\"em-row-layout-inner em-margin-top--none em-margin-bottom--none em-tablet-margin-top--none em-tablet-margin-bottom--default em-mobile-margin-top--none em-mobile-margin-bottom--none em-row-has-bg  em-layout-id_5ce7d7-73\"><div class=\"em-row-column-wrap em-has-1-columns em-gutter-default em-row-valign-top em-row-layout-equal em-tab-layout-inherit em-m-colapse-left-to-right em-mobile-layout-row em-padding-top--xlarge em-padding-bottom--xlarge em-tablet-padding-top--default em-tablet-padding-bottom--default em-mobile-padding-top--xlarge em-mobile-padding-bottom--xlarge alignwide\">\n<div class=\"wp-block-emagine-column emagine-column4762 inner-column-1\"><div class=\"em-inside-inner-col em-padding-top--none em-padding-right--none em-padding-bottom--none em-padding-left--none em-tablet-padding-top--none em-tablet-padding-right--none em-tablet-padding-bottom--none em-tablet-padding-left--none em-mobile-padding-top--none em-mobile-padding-right--none em-mobile-padding-bottom--none em-mobile-padding-left--none\">\n<h2 class=\"wp-block-heading has-text-align-left h2-large\" style=\"text-transform:none\">Des solutions de livraison de projets souples et adapt\u00e9es \u00e0 vos besoins sp\u00e9cifiques<\/h2>\n\n\n\n<p>Notre vaste expertise en mati\u00e8re de livraison de projets est le fruit de la souplesse dont nous avons fait preuve dans tous les types de prestation des PSF. En utilisant les pratiques exemplaires et les le\u00e7ons tir\u00e9es de notre vaste exp\u00e9rience, nous sommes en mesure de rapidement d\u00e9terminer le meilleur mod\u00e8le de prestation de services pour les besoins de chaque client, y compris un m\u00e9lange personnalisable de syst\u00e8mes, de processus, de supervision et d\u2019installations \u2013 les v\u00f4tres ou les n\u00f4tres \u2013 et la souplesse d\u2019int\u00e9grer du personnel au sein de votre effectif ou de prendre l\u2019activit\u00e9 enti\u00e8rement en interne.<\/p>\n\n\n\n<p>Nos mod\u00e8les de tarification novateurs s\u2019adaptent \u00e0 diverses structures contractuelles, qu\u2019il s\u2019agisse d\u2019\u00e9quivalents temps plein (ETP), de prix \u00e0 l\u2019unit\u00e9, de tarification en fonction du temps et de la quantit\u00e9 de mat\u00e9riel, ainsi que des mod\u00e8les hybrides. Ces mod\u00e8les souples peuvent \u00eatre adapt\u00e9s \u00e0 l\u2019\u00e9volution de vos besoins au fil du temps.<\/p>\n<\/div><\/div>\n<\/div><\/div><\/div>\n\n\n<section id=\"media-content-block_4fd17504adfffc2fc38389c3e807f44a\" class=\"media-content alignfull has-blue-l-background-color bg-color has-bg-image thirds-layout invert-mobile align-content-top \">\n\t\n\t\t\t\t\t\t<div class=\"alignwide align-bg\">\n\t\t\n\t\t\t\t\t<div class=\"media-content__content has-container left-content\">\n\t\t\t\t<div class=\"content-container\">\n\t\t\t\t\t\n\t\t\t\t\t\t\t\t\t\t\t<h3 class=\"media-content__title2\">Qu\u2019elles travaillent au sein de vos syst\u00e8mes ou des n\u00f4tres, nos ressources consacr\u00e9es aux projets adoptent votre culture et vos valeurs<\/h3>\n\t\t\t\t\t\n\t\t\t\t\t\n\t\t\t\t\t\t\t\t\t\t\t<div class=\"media-content__desc\"><p>Au d\u00e9but de chaque prestation de services, nous appliquons une approche d\u2019\u00ab \u00e9quipe unique \u00bb afin d\u2019int\u00e9grer nos strat\u00e9gies de livraison de projets \u00e0 vos objectifs et \u00e0 vos indicateurs de rendement cl\u00e9s. Nous nous conformons aux r\u00f4les et aux responsabilit\u00e9s clairement d\u00e9finis, aux processus de communication et de r\u00e9troaction, aux voies d\u2019escalade \u00e9tablies et aux rencontres de gouvernance r\u00e9currentes, afin de d\u00e9terminer et d\u2019att\u00e9nuer les risques de mani\u00e8re proactive, ainsi que de vous permettre d\u2019atteindre vos cibles rapidement et efficacement.<\/p>\n<p>Lorsqu\u2019il travaille en utilisant vos MON, vos lignes directrices et\/ou de vos syst\u00e8mes informatiques, notre personnel collabore avec vous pour veiller \u00e0 ce que la formation soit correctement dispens\u00e9e pour faciliter la r\u00e9ussite de l\u2019accueil et de la bonne int\u00e9gration \u00e0 votre \u00e9quipe. Nous collaborons \u00e9galement \u00e0 l\u2019\u00e9laboration d\u2019un manuel de prestation de services qui pr\u00e9sente en d\u00e9tail toute la documentation du programme.<\/p>\n<p>Pour les missions utilisant nos syst\u00e8mes et proc\u00e9dures, nous mettons \u00e0 profit nos connaissances et notre expertise pour trouver et utiliser des processus et des outils \u00e9prouv\u00e9s afin de respecter les \u00e9ch\u00e9ances et de maximiser la rapidit\u00e9 et l\u2019efficacit\u00e9, notamment dans les domaines suivants :<\/p>\n<ul>\n<li>Syst\u00e8mes valid\u00e9s (p. ex. syst\u00e8mes de gestion des essais cliniques, Veeva Vault)<\/li>\n<li>Formation des membres de l\u2019\u00e9quipe<\/li>\n<li>Processus globaux d\u00e9finis (p. ex. plans de projet, documents proc\u00e9duraux)<\/li>\n<li>Formation \u00e0 la gestion de la qualit\u00e9 fond\u00e9e sur le risque (p. ex. surveillance centralis\u00e9e, gestion des risques et escalade) enti\u00e8rement conforme \u00e0 la norme ICH E6 R2<\/li>\n<li>Gestion de la non-conformit\u00e9 (p. ex. le traitement des \u00e9v\u00e9nements li\u00e9s aux probl\u00e8mes de qualit\u00e9, y compris l\u2019analyse des causes profondes et les mesures correctives et pr\u00e9ventives)<\/li>\n<\/ul>\n<\/div>\n\t\t\t\t\t\t\t\t\t\t\t\t\t\t\t\n\t\t\t\t\t\t\t\t\t<\/div>\n\t\t\t<\/div>\n\t\t\n\t\t<div class=\"media-content__image bg-image\">\n\t\t\t\t\t\t\t<div class=\"em-bg-image\">\n\t\t\t\t\t<img src='https:\/\/www.ppd.com\/fr\/wp-content\/uploads\/sites\/5\/2024\/06\/staff-training-vertical-shutterstock_1824402158.jpg' width='716' height='876' srcset='https:\/\/www.ppd.com\/fr\/wp-content\/uploads\/sites\/5\/2024\/06\/staff-training-vertical-shutterstock_1824402158.jpg 716w, https:\/\/www.ppd.com\/fr\/wp-content\/uploads\/sites\/5\/2024\/06\/staff-training-vertical-shutterstock_1824402158-245x300.jpg 245w, https:\/\/www.ppd.com\/fr\/wp-content\/uploads\/sites\/5\/2024\/06\/staff-training-vertical-shutterstock_1824402158-41x50.jpg 41w' alt='' \/>\t\t\t\t<\/div>\n\t\t\t\t\t<\/div>\n\n\t\t\n\t\t\t\t\t<\/div>\n\t\t\t<\/section>\n\n\n<section id=\"bg-content-block-block_2257ea62cb246f24d23ad68f6ce60593\" class=\"bg-content-block alignfull\">\n\t\t\t<div class=\"em-bg-image\">\n\t\t\t<img src='https:\/\/www.ppd.com\/fr\/wp-content\/uploads\/sites\/5\/2024\/06\/fsp-blog-shutterstock_1186438735.jpg' width='1200' height='675' srcset='https:\/\/www.ppd.com\/fr\/wp-content\/uploads\/sites\/5\/2024\/06\/fsp-blog-shutterstock_1186438735.jpg 1200w, https:\/\/www.ppd.com\/fr\/wp-content\/uploads\/sites\/5\/2024\/06\/fsp-blog-shutterstock_1186438735-300x169.jpg 300w, https:\/\/www.ppd.com\/fr\/wp-content\/uploads\/sites\/5\/2024\/06\/fsp-blog-shutterstock_1186438735-1024x576.jpg 1024w, https:\/\/www.ppd.com\/fr\/wp-content\/uploads\/sites\/5\/2024\/06\/fsp-blog-shutterstock_1186438735-768x432.jpg 768w, https:\/\/www.ppd.com\/fr\/wp-content\/uploads\/sites\/5\/2024\/06\/fsp-blog-shutterstock_1186438735-60x34.jpg 60w, https:\/\/www.ppd.com\/fr\/wp-content\/uploads\/sites\/5\/2024\/06\/fsp-blog-shutterstock_1186438735-995x560.jpg 995w' alt='' \/>\t\t<\/div>\n\t\n\t<div class=\"bg-content-block__overlay\">\n\t\t<div class=\"inner alignwide left-content\">\n\t\t\t<div class=\"bg-content-block__body\">\n\t\t\t\t\t\t\t\t<h2 class=\"bg-content-block__title\">Le choix \u00e9vident pour vos besoins en livraison de projets en PSF<\/h2>\n\t\t\t\t\t\t\t\t\t\t\t\t<div class=\"bg-content-block__content\"><p>Gr\u00e2ce \u00e0 un soutien offert \u00e0 toutes les phases de d\u00e9veloppement, les solutions de livraison de projets des <a href=\"https:\/\/www.ppd.com\/fr\/functional-service-providers\/\">partenariats de services fonctionnels de PPD<\/a><strong><span class=\"TextRun SCXW87004393 BCX0\" lang=\"EN-US\" xml:lang=\"EN-US\" data-contrast=\"auto\"><span class=\"NormalTextRun SCXW87004393 BCX0\" data-ccp-parastyle=\"No Spacing\">\u2122<\/span><\/span><\/strong> fournissent une expertise compl\u00e8te en gestion de projets dont vous avez besoin pour livrer vos projets \u00e0 temps. Nos solutions font appel \u00e0 des experts en r\u00e9solution de probl\u00e8mes, \u00e0 des communicateurs et \u00e0 des collaborateurs qui veillent \u00e0 la pr\u00e9cision et \u00e0 l\u2019efficacit\u00e9 de chaque projet qu\u2019ils soutiennent, en plus d\u2019utiliser leur vaste expertise pour livrer des solutions souples adapt\u00e9es sur mesure \u00e0 vos besoins sp\u00e9cifiques.<\/p>\n<\/div>\n\t\t\t\t\t\t\t<\/div>\n\t\t<\/div>\n\t<\/div>\n<\/section>\n","protected":false},"excerpt":{"rendered":null,"protected":false},"author":3,"featured_media":234,"parent":35,"menu_order":0,"comment_status":"closed","ping_status":"closed","template":"","meta":{"_acf_changed":false,"content-type":"","_relevanssi_hide_post":"","_relevanssi_hide_content":"","_relevanssi_pin_for_all":"","_relevanssi_pin_keywords":"","_relevanssi_unpin_keywords":"","_relevanssi_related_keywords":"","_relevanssi_related_include_ids":"","_relevanssi_related_exclude_ids":"","_relevanssi_related_no_append":"","_relevanssi_related_not_related":"","_relevanssi_related_posts":"1","_relevanssi_noindex_reason":"","em_featured_video_id":0,"footnotes":""},"class_list":["post-42","page","type-page","status-publish","has-post-thumbnail","hentry"],"acf":[],"_links":{"self":[{"href":"https:\/\/www.ppd.com\/fr\/wp-json\/wp\/v2\/pages\/42","targetHints":{"allow":["GET"]}}],"collection":[{"href":"https:\/\/www.ppd.com\/fr\/wp-json\/wp\/v2\/pages"}],"about":[{"href":"https:\/\/www.ppd.com\/fr\/wp-json\/wp\/v2\/types\/page"}],"author":[{"embeddable":true,"href":"https:\/\/www.ppd.com\/fr\/wp-json\/wp\/v2\/users\/3"}],"replies":[{"embeddable":true,"href":"https:\/\/www.ppd.com\/fr\/wp-json\/wp\/v2\/comments?post=42"}],"version-history":[{"count":0,"href":"https:\/\/www.ppd.com\/fr\/wp-json\/wp\/v2\/pages\/42\/revisions"}],"up":[{"embeddable":true,"href":"https:\/\/www.ppd.com\/fr\/wp-json\/wp\/v2\/pages\/35"}],"wp:featuredmedia":[{"embeddable":true,"href":"https:\/\/www.ppd.com\/fr\/wp-json\/wp\/v2\/media\/234"}],"wp:attachment":[{"href":"https:\/\/www.ppd.com\/fr\/wp-json\/wp\/v2\/media?parent=42"}],"curies":[{"name":"wp","href":"https:\/\/api.w.org\/{rel}","templated":true}]}}