{"id":44,"date":"2024-06-17T04:16:23","date_gmt":"2024-06-17T04:16:23","guid":{"rendered":"https:\/\/www.ppd.com\/fr\/?page_id=44"},"modified":"2024-08-16T14:40:47","modified_gmt":"2024-08-16T14:40:47","slug":"ppd-laboratory-services","status":"publish","type":"page","link":"https:\/\/www.ppd.com\/fr\/ppd-laboratory-services\/","title":{"rendered":"Laboratoires de PPD"},"content":{"rendered":"\n<div class=\"wp-block-emagine-columns alignfull\"><div id=\"em-layout-id_ff3f14-06\" class=\"em-row-layout-inner em-margin-top--default em-margin-bottom--default em-tablet-margin-top--default em-tablet-margin-bottom--default em-mobile-margin-top--default em-mobile-margin-bottom--default   em-layout-id_ff3f14-06\"><div class=\"em-row-column-wrap em-has-2-columns em-gutter-default em-row-valign-top em-row-layout-left-golden em-tab-layout-inherit em-m-colapse-left-to-right em-mobile-layout-row em-padding-top--default em-padding-bottom--default em-tablet-padding-top--default em-tablet-padding-bottom--default em-mobile-padding-top--default em-mobile-padding-bottom--default alignwide\">\n<div class=\"wp-block-emagine-column emagine-column9252 inner-column-1\"><div class=\"em-inside-inner-col em-padding-top--none em-padding-right--medium em-padding-bottom--none em-padding-left--none em-tablet-padding-top--none em-tablet-padding-right--none em-tablet-padding-bottom--none em-tablet-padding-left--none em-mobile-padding-top--none em-mobile-padding-right--none em-mobile-padding-bottom--none em-mobile-padding-left--none\">\n<h2 class=\"wp-block-heading\">Des services de laboratoire qui vous aident \u00e0 faire avancer vos efforts de mise au point de produits<\/h2>\n\n\n\n<p>Les soci\u00e9t\u00e9s pharmaceutiques et biotechnologiques s\u2019efforcent de prendre des d\u00e9cisions plus rapidement et plus \u00e9clair\u00e9es au sujet de leurs compos\u00e9s afin d\u2019acc\u00e9l\u00e9rer la fourniture de traitements qui changent des vies sans compromettre l&#8217;innocuit\u00e9 et l\u2019efficacit\u00e9. Ce besoin est pr\u00e9sent aupr\u00e8s des entreprises qui d\u00e9veloppent de petites mol\u00e9cules, des produits biologiques, des vaccins et des th\u00e9rapies cellulaires et g\u00e9niques. Les services de laboratoire PPD\u2122\u00a0soutiennent le d\u00e9veloppement pharmaceutique des soci\u00e9t\u00e9s de toute taille. En s\u2019appuyant sur nos capacit\u00e9s \u00e9tendues et notre expertise scientifique, nous assurons une gestion de projet exceptionnelle et fournissons des donn\u00e9es de haute qualit\u00e9 qui r\u00e9pondent aux exigences r\u00e9glementaires.<\/p>\n\n\n\n<p>Notre r\u00e9seau mondial de laboratoires associe une approche dynamique et innovante \u00e0 des technologies prim\u00e9es pour acc\u00e9l\u00e9rer l\u2019ex\u00e9cution des essais cliniques et le succ\u00e8s r\u00e9glementaire.<\/p>\n<\/div><\/div>\n\n\n\n<div class=\"wp-block-emagine-column emagine-column833 inner-column-2\"><div class=\"em-inside-inner-col em-padding-top--none em-padding-right--none em-padding-bottom--none em-padding-left--none em-tablet-padding-top--none em-tablet-padding-right--none em-tablet-padding-bottom--none em-tablet-padding-left--none em-mobile-padding-top--none em-mobile-padding-right--none em-mobile-padding-bottom--none em-mobile-padding-left--none\">\n<figure class=\"wp-block-image size-full hide-on-mobile\"><img loading=\"lazy\" decoding=\"async\" width=\"520\" height=\"657\" src=\"https:\/\/www.ppd.com\/fr\/wp-content\/uploads\/sites\/5\/2024\/08\/lab-scientist-hexagon.jpg\" alt=\"lab-scientist-hexagon\" class=\"wp-image-1416\" srcset=\"https:\/\/www.ppd.com\/fr\/wp-content\/uploads\/sites\/5\/2024\/08\/lab-scientist-hexagon.jpg 520w, https:\/\/www.ppd.com\/fr\/wp-content\/uploads\/sites\/5\/2024\/08\/lab-scientist-hexagon-237x300.jpg 237w, https:\/\/www.ppd.com\/fr\/wp-content\/uploads\/sites\/5\/2024\/08\/lab-scientist-hexagon-40x50.jpg 40w\" sizes=\"auto, (max-width: 520px) 100vw, 520px\" \/><\/figure>\n<\/div><\/div>\n<\/div><\/div><\/div>\n\n\n<section id=\"media-content-block_6a4ee7c47bfe8b243213e71cd629a534\" class=\"media-content alignfull has-bg-image thirds-layout align-content-center \">\n\t\n\t\t\t\t\t\t<div class=\"alignwide align-bg\">\n\t\t\n\t\t\n\t\t<div class=\"media-content__image bg-image\">\n\t\t\t\t\t\t\t<div class=\"em-bg-image\">\n\t\t\t\t\t<img src='https:\/\/www.ppd.com\/fr\/wp-content\/uploads\/sites\/5\/2024\/08\/lab-scientists-shutterstock_2303410367.jpg' width='800' height='803' srcset='https:\/\/www.ppd.com\/fr\/wp-content\/uploads\/sites\/5\/2024\/08\/lab-scientists-shutterstock_2303410367.jpg 800w, https:\/\/www.ppd.com\/fr\/wp-content\/uploads\/sites\/5\/2024\/08\/lab-scientists-shutterstock_2303410367-300x300.jpg 300w, https:\/\/www.ppd.com\/fr\/wp-content\/uploads\/sites\/5\/2024\/08\/lab-scientists-shutterstock_2303410367-150x150.jpg 150w, https:\/\/www.ppd.com\/fr\/wp-content\/uploads\/sites\/5\/2024\/08\/lab-scientists-shutterstock_2303410367-768x771.jpg 768w, https:\/\/www.ppd.com\/fr\/wp-content\/uploads\/sites\/5\/2024\/08\/lab-scientists-shutterstock_2303410367-50x50.jpg 50w' alt='lab scientists lab services' \/>\t\t\t\t<\/div>\n\t\t\t\t\t<\/div>\n\n\t\t\t\t\t<div class=\"media-content__content has-container right-content\">\n\t\t\t\t<div class=\"content-container\">\n\t\t\t\t\t\n\t\t\t\t\t\t\t\t\t\t\t<h2 class=\"media-content__title2\">Notre approche novatrice<\/h2>\n\t\t\t\t\t\n\t\t\t\t\t\n\t\t\t\t\t\t\t\t\t\t\t<div class=\"media-content__desc\"><p>Nos solutions de laboratoire Preclarus\u2122 prim\u00e9es centralisent et int\u00e8grent les donn\u00e9es de nos laboratoires pour guider, acc\u00e9l\u00e9rer et faire progresser vos efforts de d\u00e9veloppement. Preclarus est plus qu&#8217;une simple suite de bases de donn\u00e9es, de portails et de tableaux de bord &#8211; c&#8217;est une ressource inestimable pour optimiser votre \u00e9tude tout en garantissant sa qualit\u00e9.<\/p>\n<ul>\n<li>Acc\u00e8s en temps r\u00e9el aux donn\u00e9es de l\u2019ensemble de l\u2019\u00e9tude, 24\u00a0heures sur\u00a024, 7\u00a0jours sur\u00a07, pour nos laboratoires, nos centres cliniques et vos \u00e9quipes de projet<\/li>\n<li>Jusqu\u2019\u00e0 80\u00a0% de r\u00e9duction du nombre de requ\u00eates par visite avec le portail Preclarus des centres de recherche<\/li>\n<li>Visibilit\u00e9 des \u00e9chantillons et cha\u00eene de tra\u00e7abilit\u00e9 compl\u00e8te \u00e0 partir du moment de la collecte<\/li>\n<\/ul>\n<p>Nos laboratoires tirent parti des derni\u00e8res technologies d\u2019automatisation pour augmenter le d\u00e9bit d\u2019\u00e9chantillons et la qualit\u00e9 des donn\u00e9es, nous permettant ainsi d\u2019\u00e9voluer de mani\u00e8re efficace et efficiente. Nous nous appuyons sur nos capacit\u00e9s d\u2019analyse \u00e9tendues et nos solutions de donn\u00e9es qui couvrent un large \u00e9ventail de modalit\u00e9s et sur un ensemble solide de connaissances pour acc\u00e9l\u00e9rer et faire progresser vos efforts de d\u00e9veloppement.<\/p>\n<p>Les services de laboratoire PPD soutiennent les essais cliniques aux niveaux mondial, national, r\u00e9gional et local. Nos initiatives de croissance permanente dans tous nos centres sont ax\u00e9es sur l\u2019expansion continue de notre pr\u00e9sence dans le monde entier pour r\u00e9pondre \u00e0 vos besoins.<\/p>\n<p>Notre r\u00e9seau de laboratoires comprend des laboratoires de bioanalyse, de biomarqueurs, de BPF et de sciences des vaccins, ainsi que des laboratoires centraux, capables de fournir un soutien int\u00e9gr\u00e9 aux essais cliniques.<\/p>\n<p>Notre int\u00e9gration compl\u00e8te au sein des laboratoires aide \u00e0 assurer une transition en douceur des technologies et des tests, et augmente l\u2019efficacit\u00e9 des essais cliniques et du d\u00e9veloppement de m\u00e9dicaments.<\/p>\n<p>&nbsp;<\/p>\n<\/div>\n\t\t\t\t\t\t\t\t\t\t\t\t\t\t\t\n\t\t\t\t\t\t\t\t\t<\/div>\n\t\t\t<\/div>\n\t\t\n\t\t\t\t\t<\/div>\n\t\t\t<\/section>\n\n\n\n<div style=\"height:40px\" aria-hidden=\"true\" class=\"wp-block-spacer hide-on-mobile\"><\/div>\n\n\n<section id=\"media-content-block_a9a6a1b812105b3417f48f18a4a5fd1f\" class=\"media-content alignfull has-bg-image thirds-layout invert-mobile align-content-top \">\n\t\n\t\t\t\t\t\t<div class=\"alignwide align-bg\">\n\t\t\n\t\t\t\t\t<div class=\"media-content__content has-container left-content\">\n\t\t\t\t<div class=\"content-container\">\n\t\t\t\t\t\n\t\t\t\t\t\t\t\t\t\t\t<h2 class=\"media-content__title2\">Des solutions ax\u00e9es sur les personnes<\/h2>\n\t\t\t\t\t\n\t\t\t\t\t\n\t\t\t\t\t\t\t\t\t\t\t<div class=\"media-content__desc\"><p>Les services de laboratoire PPD placent les gens au c\u0153ur de tout ce que nous faisons en investissant dans notre personnel, en favorisant des relations solides avec nos clients et en menant des initiatives au profit des patients. Nous avons \u00e9t\u00e9 le premier laboratoire sous contrat \u00e0 offrir des solutions de ressources de rechange pour les besoins \u00e9volutifs de nos clients, en personnalisant des solutions pour r\u00e9pondre aux exigences sp\u00e9cifiques de chaque projet.<\/p>\n<ul>\n<li>Agissant comme un prolongement de votre \u00e9quipe, nos mod\u00e8les de mise en \u0153uvre flexibles s\u2019adaptent \u00e0 vos besoins sp\u00e9cifiques et \u00e0 vos objectifs strat\u00e9giques. Nous collaborons et consultons activement pour tirer parti des approches que vous pr\u00e9f\u00e9rez et pour co-cr\u00e9er les solutions id\u00e9ales en ligne avec vos objectifs.<\/li>\n<li>Nous donnons la priorit\u00e9 au d\u00e9veloppement des connaissances et des ensembles de comp\u00e9tences du personnel, afin d\u2019obtenir une main-d\u2019\u0153uvre hautement exp\u00e9riment\u00e9e poss\u00e9dant une expertise approfondie des services de laboratoire pour le d\u00e9veloppement pharmaceutique.<\/li>\n<li>Notre approche proactive et dynamique des services de laboratoire et du d\u00e9veloppement pharmaceutique nous aide \u00e0 anticiper les d\u00e9fis et \u00e0 rester \u00e0 l\u2019avant-garde des tendances de l\u2019industrie.<\/li>\n<\/ul>\n<p>Nous sommes les chefs de file du secteur avec un vaste r\u00e9seau de laboratoires, des mod\u00e8les de partenariat flexibles et une approche avant-gardiste pour transformer la strat\u00e9gie de votre laboratoire et faire progresser votre programme de d\u00e9veloppement. Nous aidons \u00e0 simplifier le processus d\u2019essai clinique; fournir les vastes installations de laboratoire, l\u2019expertise scientifique et le personnel pour faire progresser votre d\u00e9veloppement clinique; et aider \u00e0 assurer la rapidit\u00e9 de la mise sur le march\u00e9.<\/p>\n<\/div>\n\t\t\t\t\t\t\t\t\t\t\t\t\t\t\t\n\t\t\t\t\t\t\t\t\t<\/div>\n\t\t\t<\/div>\n\t\t\n\t\t<div class=\"media-content__image bg-image contain-img\">\n\t\t\t\t\t\t\t<div class=\"em-bg-image\">\n\t\t\t\t\t<img src='https:\/\/www.ppd.com\/fr\/wp-content\/uploads\/sites\/5\/2024\/07\/ppd-laboratory-services_collage-min.jpg' width='800' height='600' srcset='https:\/\/www.ppd.com\/fr\/wp-content\/uploads\/sites\/5\/2024\/07\/ppd-laboratory-services_collage-min.jpg 800w, https:\/\/www.ppd.com\/fr\/wp-content\/uploads\/sites\/5\/2024\/07\/ppd-laboratory-services_collage-min-300x225.jpg 300w, https:\/\/www.ppd.com\/fr\/wp-content\/uploads\/sites\/5\/2024\/07\/ppd-laboratory-services_collage-min-768x576.jpg 768w, https:\/\/www.ppd.com\/fr\/wp-content\/uploads\/sites\/5\/2024\/07\/ppd-laboratory-services_collage-min-60x45.jpg 60w' alt='' \/>\t\t\t\t<\/div>\n\t\t\t\t\t<\/div>\n\n\t\t\n\t\t\t\t\t<\/div>\n\t\t\t<\/section>\n","protected":false},"excerpt":{"rendered":null,"protected":false},"author":3,"featured_media":244,"parent":0,"menu_order":0,"comment_status":"closed","ping_status":"closed","template":"","meta":{"_acf_changed":false,"content-type":"","_relevanssi_hide_post":"","_relevanssi_hide_content":"","_relevanssi_pin_for_all":"","_relevanssi_pin_keywords":"","_relevanssi_unpin_keywords":"","_relevanssi_related_keywords":"","_relevanssi_related_include_ids":"","_relevanssi_related_exclude_ids":"","_relevanssi_related_no_append":"","_relevanssi_related_not_related":"","_relevanssi_related_posts":"1","_relevanssi_noindex_reason":"","em_featured_video_id":0,"footnotes":""},"class_list":["post-44","page","type-page","status-publish","has-post-thumbnail","hentry"],"acf":[],"yoast_head":"<!-- This site is optimized with the Yoast SEO plugin v26.5 - https:\/\/yoast.com\/wordpress\/plugins\/seo\/ -->\n<title>Laboratoires de PPD - PPD French<\/title>\n<meta name=\"description\" content=\"D\u00e9couvrez les services des laboratoires de PPD, y compris la bioanalyse, les biomarqueurs, le laboratoire central, les BPF et les sciences des vaccins.\" \/>\n<meta name=\"robots\" content=\"index, follow, max-snippet:-1, max-image-preview:large, max-video-preview:-1\" \/>\n<link rel=\"canonical\" href=\"https:\/\/www.ppd.com\/fr\/ppd-laboratory-services\/\" \/>\n<meta property=\"og:locale\" content=\"en_US\" \/>\n<meta property=\"og:type\" content=\"article\" \/>\n<meta property=\"og:title\" content=\"Laboratoires de PPD - PPD French\" \/>\n<meta property=\"og:description\" content=\"D\u00e9couvrez les services des laboratoires de PPD, y compris la bioanalyse, les biomarqueurs, le laboratoire central, les BPF et les sciences des vaccins.\" \/>\n<meta property=\"og:url\" content=\"https:\/\/www.ppd.com\/fr\/ppd-laboratory-services\/\" \/>\n<meta property=\"og:site_name\" content=\"PPD French\" \/>\n<meta property=\"article:modified_time\" content=\"2024-08-16T14:40:47+00:00\" \/>\n<meta property=\"og:image\" content=\"https:\/\/www.ppd.com\/fr\/wp-content\/uploads\/sites\/5\/2024\/06\/ppd-laboratory-services-hero.jpg\" \/>\n\t<meta property=\"og:image:width\" content=\"1920\" \/>\n\t<meta property=\"og:image:height\" content=\"600\" \/>\n\t<meta property=\"og:image:type\" content=\"image\/jpeg\" \/>\n<meta name=\"twitter:card\" content=\"summary_large_image\" \/>\n<meta name=\"twitter:label1\" content=\"Est. reading time\" \/>\n\t<meta name=\"twitter:data1\" content=\"1 minute\" \/>\n<script type=\"application\/ld+json\" class=\"yoast-schema-graph\">{\"@context\":\"https:\/\/schema.org\",\"@graph\":[{\"@type\":\"WebPage\",\"@id\":\"https:\/\/www.ppd.com\/fr\/ppd-laboratory-services\/\",\"url\":\"https:\/\/www.ppd.com\/fr\/ppd-laboratory-services\/\",\"name\":\"Laboratoires de PPD - PPD French\",\"isPartOf\":{\"@id\":\"https:\/\/www.ppd.com\/fr\/#website\"},\"primaryImageOfPage\":{\"@id\":\"https:\/\/www.ppd.com\/fr\/ppd-laboratory-services\/#primaryimage\"},\"image\":{\"@id\":\"https:\/\/www.ppd.com\/fr\/ppd-laboratory-services\/#primaryimage\"},\"thumbnailUrl\":\"https:\/\/www.ppd.com\/fr\/wp-content\/uploads\/sites\/5\/2024\/06\/ppd-laboratory-services-hero.jpg\",\"datePublished\":\"2024-06-17T04:16:23+00:00\",\"dateModified\":\"2024-08-16T14:40:47+00:00\",\"description\":\"D\u00e9couvrez les services des laboratoires de PPD, y compris la bioanalyse, les biomarqueurs, le laboratoire central, les BPF et les sciences des vaccins.\",\"inLanguage\":\"en-US\",\"potentialAction\":[{\"@type\":\"ReadAction\",\"target\":[\"https:\/\/www.ppd.com\/fr\/ppd-laboratory-services\/\"]}]},{\"@type\":\"ImageObject\",\"inLanguage\":\"en-US\",\"@id\":\"https:\/\/www.ppd.com\/fr\/ppd-laboratory-services\/#primaryimage\",\"url\":\"https:\/\/www.ppd.com\/fr\/wp-content\/uploads\/sites\/5\/2024\/06\/ppd-laboratory-services-hero.jpg\",\"contentUrl\":\"https:\/\/www.ppd.com\/fr\/wp-content\/uploads\/sites\/5\/2024\/06\/ppd-laboratory-services-hero.jpg\",\"width\":1920,\"height\":600},{\"@type\":\"WebSite\",\"@id\":\"https:\/\/www.ppd.com\/fr\/#website\",\"url\":\"https:\/\/www.ppd.com\/fr\/\",\"name\":\"PPD French\",\"description\":\"\",\"publisher\":{\"@id\":\"https:\/\/www.ppd.com\/fr\/#organization\"},\"potentialAction\":[{\"@type\":\"SearchAction\",\"target\":{\"@type\":\"EntryPoint\",\"urlTemplate\":\"https:\/\/www.ppd.com\/fr\/?s={search_term_string}\"},\"query-input\":{\"@type\":\"PropertyValueSpecification\",\"valueRequired\":true,\"valueName\":\"search_term_string\"}}],\"inLanguage\":\"en-US\"},{\"@type\":\"Organization\",\"@id\":\"https:\/\/www.ppd.com\/fr\/#organization\",\"name\":\"PPD French\",\"url\":\"https:\/\/www.ppd.com\/fr\/\",\"logo\":{\"@type\":\"ImageObject\",\"inLanguage\":\"en-US\",\"@id\":\"https:\/\/www.ppd.com\/fr\/#\/schema\/logo\/image\/\",\"url\":\"https:\/\/www.ppd.com\/fr\/wp-content\/uploads\/sites\/5\/2024\/06\/thermofisher_ppd_logo1.svg\",\"contentUrl\":\"https:\/\/www.ppd.com\/fr\/wp-content\/uploads\/sites\/5\/2024\/06\/thermofisher_ppd_logo1.svg\",\"width\":301,\"height\":100,\"caption\":\"PPD French\"},\"image\":{\"@id\":\"https:\/\/www.ppd.com\/fr\/#\/schema\/logo\/image\/\"}}]}<\/script>\n<!-- \/ Yoast SEO plugin. -->","yoast_head_json":{"title":"Laboratoires de PPD - PPD French","description":"D\u00e9couvrez les services des laboratoires de PPD, y compris la bioanalyse, les biomarqueurs, le laboratoire central, les BPF et les sciences des vaccins.","robots":{"index":"index","follow":"follow","max-snippet":"max-snippet:-1","max-image-preview":"max-image-preview:large","max-video-preview":"max-video-preview:-1"},"canonical":"https:\/\/www.ppd.com\/fr\/ppd-laboratory-services\/","og_locale":"en_US","og_type":"article","og_title":"Laboratoires de PPD - PPD French","og_description":"D\u00e9couvrez les services des laboratoires de PPD, y compris la bioanalyse, les biomarqueurs, le laboratoire central, les BPF et les sciences des vaccins.","og_url":"https:\/\/www.ppd.com\/fr\/ppd-laboratory-services\/","og_site_name":"PPD French","article_modified_time":"2024-08-16T14:40:47+00:00","og_image":[{"width":1920,"height":600,"url":"https:\/\/www.ppd.com\/fr\/wp-content\/uploads\/sites\/5\/2024\/06\/ppd-laboratory-services-hero.jpg","type":"image\/jpeg"}],"twitter_card":"summary_large_image","twitter_misc":{"Est. reading time":"1 minute"},"schema":{"@context":"https:\/\/schema.org","@graph":[{"@type":"WebPage","@id":"https:\/\/www.ppd.com\/fr\/ppd-laboratory-services\/","url":"https:\/\/www.ppd.com\/fr\/ppd-laboratory-services\/","name":"Laboratoires de PPD - PPD French","isPartOf":{"@id":"https:\/\/www.ppd.com\/fr\/#website"},"primaryImageOfPage":{"@id":"https:\/\/www.ppd.com\/fr\/ppd-laboratory-services\/#primaryimage"},"image":{"@id":"https:\/\/www.ppd.com\/fr\/ppd-laboratory-services\/#primaryimage"},"thumbnailUrl":"https:\/\/www.ppd.com\/fr\/wp-content\/uploads\/sites\/5\/2024\/06\/ppd-laboratory-services-hero.jpg","datePublished":"2024-06-17T04:16:23+00:00","dateModified":"2024-08-16T14:40:47+00:00","description":"D\u00e9couvrez les services des laboratoires de PPD, y compris la bioanalyse, les biomarqueurs, le laboratoire central, les BPF et les sciences des vaccins.","inLanguage":"en-US","potentialAction":[{"@type":"ReadAction","target":["https:\/\/www.ppd.com\/fr\/ppd-laboratory-services\/"]}]},{"@type":"ImageObject","inLanguage":"en-US","@id":"https:\/\/www.ppd.com\/fr\/ppd-laboratory-services\/#primaryimage","url":"https:\/\/www.ppd.com\/fr\/wp-content\/uploads\/sites\/5\/2024\/06\/ppd-laboratory-services-hero.jpg","contentUrl":"https:\/\/www.ppd.com\/fr\/wp-content\/uploads\/sites\/5\/2024\/06\/ppd-laboratory-services-hero.jpg","width":1920,"height":600},{"@type":"WebSite","@id":"https:\/\/www.ppd.com\/fr\/#website","url":"https:\/\/www.ppd.com\/fr\/","name":"PPD French","description":"","publisher":{"@id":"https:\/\/www.ppd.com\/fr\/#organization"},"potentialAction":[{"@type":"SearchAction","target":{"@type":"EntryPoint","urlTemplate":"https:\/\/www.ppd.com\/fr\/?s={search_term_string}"},"query-input":{"@type":"PropertyValueSpecification","valueRequired":true,"valueName":"search_term_string"}}],"inLanguage":"en-US"},{"@type":"Organization","@id":"https:\/\/www.ppd.com\/fr\/#organization","name":"PPD French","url":"https:\/\/www.ppd.com\/fr\/","logo":{"@type":"ImageObject","inLanguage":"en-US","@id":"https:\/\/www.ppd.com\/fr\/#\/schema\/logo\/image\/","url":"https:\/\/www.ppd.com\/fr\/wp-content\/uploads\/sites\/5\/2024\/06\/thermofisher_ppd_logo1.svg","contentUrl":"https:\/\/www.ppd.com\/fr\/wp-content\/uploads\/sites\/5\/2024\/06\/thermofisher_ppd_logo1.svg","width":301,"height":100,"caption":"PPD French"},"image":{"@id":"https:\/\/www.ppd.com\/fr\/#\/schema\/logo\/image\/"}}]}},"_links":{"self":[{"href":"https:\/\/www.ppd.com\/fr\/wp-json\/wp\/v2\/pages\/44","targetHints":{"allow":["GET"]}}],"collection":[{"href":"https:\/\/www.ppd.com\/fr\/wp-json\/wp\/v2\/pages"}],"about":[{"href":"https:\/\/www.ppd.com\/fr\/wp-json\/wp\/v2\/types\/page"}],"author":[{"embeddable":true,"href":"https:\/\/www.ppd.com\/fr\/wp-json\/wp\/v2\/users\/3"}],"replies":[{"embeddable":true,"href":"https:\/\/www.ppd.com\/fr\/wp-json\/wp\/v2\/comments?post=44"}],"version-history":[{"count":0,"href":"https:\/\/www.ppd.com\/fr\/wp-json\/wp\/v2\/pages\/44\/revisions"}],"wp:featuredmedia":[{"embeddable":true,"href":"https:\/\/www.ppd.com\/fr\/wp-json\/wp\/v2\/media\/244"}],"wp:attachment":[{"href":"https:\/\/www.ppd.com\/fr\/wp-json\/wp\/v2\/media?parent=44"}],"curies":[{"name":"wp","href":"https:\/\/api.w.org\/{rel}","templated":true}]}}