{"id":46,"date":"2024-06-17T04:17:26","date_gmt":"2024-06-17T04:17:26","guid":{"rendered":"https:\/\/www.ppd.com\/fr\/?page_id=46"},"modified":"2024-08-09T17:39:49","modified_gmt":"2024-08-09T17:39:49","slug":"therapeutic-expertise","status":"publish","type":"page","link":"https:\/\/www.ppd.com\/fr\/therapeutic-expertise\/","title":{"rendered":"Expertise th\u00e9rapeutique"},"content":{"rendered":"\n<div class=\"wp-block-emagine-columns alignfull\"><div id=\"em-layout-id_0e1b7d-09\" class=\"em-row-layout-inner em-margin-top--default em-margin-bottom--default em-tablet-margin-top--default em-tablet-margin-bottom--default em-mobile-margin-top--default em-mobile-margin-bottom--default   em-layout-id_0e1b7d-09\"><div class=\"em-row-column-wrap em-has-2-columns em-gutter-default em-row-valign-top em-row-layout-left-golden em-tab-layout-inherit em-m-colapse-left-to-right em-mobile-layout-row em-padding-top--default em-padding-bottom--default em-tablet-padding-top--default em-tablet-padding-bottom--default em-mobile-padding-top--default em-mobile-padding-bottom--default alignwide\">\n<div class=\"wp-block-emagine-column emagine-column8350 inner-column-1\"><div class=\"em-inside-inner-col em-padding-top--none em-padding-right--none em-padding-bottom--none em-padding-left--none em-tablet-padding-top--none em-tablet-padding-right--none em-tablet-padding-bottom--none em-tablet-padding-left--none em-mobile-padding-top--none em-mobile-padding-right--none em-mobile-padding-bottom--none em-mobile-padding-left--none\">\n<h2 class=\"wp-block-heading\">Une histoire d\u2019expertise th\u00e9rapeutique<\/h2>\n\n\n\n<p>Mettre au point de nouveaux m\u00e9dicaments pour traiter les maladies humaines est un processus co\u00fbteux, complexe et long. La mise sur le march\u00e9 d\u2019un nouveau m\u00e9dicament peut prendre jusqu\u2019\u00e0 15\u202fans et co\u00fbter 2,5\u202fmilliards de dollars ou\u202fplus.<\/p>\n\n\n\n<p>Nos clients des secteurs biopharmaceutique et biotechnologique nous font confiance pour les aider \u00e0 faire progresser leurs essais. Notre expertise dans les domaines th\u00e9rapeutiques couvre de vastes march\u00e9s de traitement m\u00e9dicamenteux des maladies, notamment dans les domaines de l\u2019h\u00e9matologie\/oncologie et des maladies chroniques, ainsi que dans des domaines d\u2019innovation en\u202fR\u202fet\u202fD en pleine croissance, tels que ceux de l\u2019immuno-oncologie, de la th\u00e9rapie cellulaire et g\u00e9nique, ainsi que ceux des biomarqueurs et des maladies rares.&nbsp;<\/p>\n\n\n\n<p>\u00c0 chaque \u00e9tape du processus de mise au point des m\u00e9dicaments, l&#8217;activit\u00e9 de recherche clinique PPD\u2122 de Thermo Fisher Scientific d\u00e9ploie l\u2019expertise dont vous avez besoin pour concevoir, planifier et mener vos essais cliniques avec comp\u00e9tence, pr\u00e9cision et un engagement ind\u00e9fectible envers la qualit\u00e9.&nbsp;<\/p>\n<\/div><\/div>\n\n\n\n<div class=\"wp-block-emagine-column emagine-column5992 inner-column-2 intro-img bg-img\"><div class=\"em-inside-inner-col em-padding-top--none em-padding-right--none em-padding-bottom--none em-padding-left--none em-tablet-padding-top--none em-tablet-padding-right--none em-tablet-padding-bottom--none em-tablet-padding-left--none em-mobile-padding-top--none em-mobile-padding-right--none em-mobile-padding-bottom--none em-mobile-padding-left--none\">\n<!-- Image for this column is added via custom CSS -->\n<\/div><\/div>\n<\/div><\/div><\/div>\n\n\n\n<div class=\"wp-block-emagine-columns alignfull\"><div id=\"em-layout-id_e4a037-49\" class=\"em-row-layout-inner em-margin-top--none em-margin-bottom--none em-tablet-margin-top--none em-tablet-margin-bottom--none em-mobile-margin-top--none em-mobile-margin-bottom--none   em-layout-id_e4a037-49\"><div class=\"em-row-column-wrap em-has-1-columns em-gutter-default em-row-valign-middle em-row-layout-equal em-tab-layout-inherit em-m-colapse-left-to-right em-mobile-layout-row em-padding-top--default em-padding-bottom--default em-tablet-padding-top--xlarge em-tablet-padding-bottom--xlarge em-mobile-padding-top--none em-mobile-padding-bottom--default alignwide\">\n<div class=\"wp-block-emagine-column emagine-column8659 inner-column-1\"><div class=\"em-inside-inner-col em-padding-top--none em-padding-right--none em-padding-bottom--none em-padding-left--none em-tablet-padding-top--none em-tablet-padding-right--none em-tablet-padding-bottom--none em-tablet-padding-left--none em-mobile-padding-top--none em-mobile-padding-right--none em-mobile-padding-bottom--none em-mobile-padding-left--none\">\n<h3 class=\"wp-block-heading has-text-align-left\">Exp\u00e9rience dans les domaines th\u00e9rapeutiques<\/h3>\n<\/div><\/div>\n<\/div><\/div><\/div>\n\n\n\n<div class=\"wp-block-emagine-columns alignfull alignundefined gray-border\"><div id=\"em-layout-id_456d5a-5a\" class=\"em-row-layout-inner em-margin-top--none em-margin-bottom--default em-tablet-margin-top--none em-tablet-margin-bottom--default em-mobile-margin-top--none em-mobile-margin-bottom--default   em-layout-id_456d5a-5a\"><div class=\"em-row-column-wrap em-has-3-columns em-gutter-default em-row-valign-top em-row-layout-equal em-tab-layout-equal em-m-colapse-left-to-right em-mobile-layout-row em-padding-top--none em-padding-bottom--xlarge em-tablet-padding-top--none em-tablet-padding-bottom--default em-mobile-padding-top--none em-mobile-padding-bottom--large alignwide\">\n<div class=\"wp-block-emagine-column emagine-column6310 inner-column-1\"><div class=\"em-inside-inner-col em-padding-top--none em-padding-right--none em-padding-bottom--none em-padding-left--none em-tablet-padding-top--none em-tablet-padding-right--none em-tablet-padding-bottom--none em-tablet-padding-left--none em-mobile-padding-top--none em-mobile-padding-right--none em-mobile-padding-bottom--small em-mobile-padding-left--none\">\n<ul class=\"mt-0 wp-block-list\">\n<li>Mise au point de produits biosimilaires&nbsp;<\/li>\n\n\n\n<li>Cardiovasculaire&nbsp;&nbsp;<\/li>\n\n\n\n<li>Th\u00e9rapie cellulaire et g\u00e9nique&nbsp;<\/li>\n\n\n\n<li>Soins intensifs&nbsp;&nbsp;<\/li>\n\n\n\n<li>Dermatologie&nbsp;&nbsp;<\/li>\n\n\n\n<li>H\u00e9patologie<\/li>\n\n\n\n<li>Gastro-ent\u00e9rologie&nbsp;<\/li>\n<\/ul>\n<\/div><\/div>\n\n\n\n<div class=\"wp-block-emagine-column emagine-column2530 inner-column-2\"><div class=\"em-inside-inner-col em-padding-top--none em-padding-right--none em-padding-bottom--none em-padding-left--none em-tablet-padding-top--none em-tablet-padding-right--none em-tablet-padding-bottom--none em-tablet-padding-left--none em-mobile-padding-top--none em-mobile-padding-right--none em-mobile-padding-bottom--small em-mobile-padding-left--none\">\n<ul class=\"mt-0 wp-block-list\">\n<li>Immunologie et rhumatologie&nbsp;<\/li>\n\n\n\n<li>Maladies infectieuses&nbsp;<\/li>\n\n\n\n<li>Troubles m\u00e9taboliques et endocriniens<\/li>\n\n\n\n<li>N\u00e9phrologie et maladies r\u00e9nales<\/li>\n\n\n\n<li>Recherche en neurosciences<\/li>\n\n\n\n<li>Oncologie et h\u00e9matologie&nbsp;<\/li>\n\n\n\n<li>Ophtalmologie&nbsp;<\/li>\n<\/ul>\n<\/div><\/div>\n\n\n\n<div class=\"wp-block-emagine-column emagine-column2042 inner-column-3\"><div class=\"em-inside-inner-col em-padding-top--none em-padding-right--none em-padding-bottom--none em-padding-left--none em-tablet-padding-top--none em-tablet-padding-right--none em-tablet-padding-bottom--none em-tablet-padding-left--none em-mobile-padding-top--none em-mobile-padding-right--none em-mobile-padding-bottom--none em-mobile-padding-left--none\">\n<ul class=\"mt-0 wp-block-list\">\n<li>P\u00e9diatrie&nbsp;&nbsp;<\/li>\n\n\n\n<li>Maladies rares&nbsp;<\/li>\n\n\n\n<li>Respiratoire&nbsp;<\/li>\n\n\n\n<li>Urologie&nbsp;&nbsp;<\/li>\n\n\n\n<li>Mise au point de vaccins<\/li>\n\n\n\n<li>Sant\u00e9 des femmes&nbsp;&nbsp;<\/li>\n<\/ul>\n<\/div><\/div>\n<\/div><\/div><\/div>\n","protected":false},"excerpt":{"rendered":null,"protected":false},"author":3,"featured_media":263,"parent":0,"menu_order":0,"comment_status":"closed","ping_status":"closed","template":"","meta":{"_acf_changed":false,"content-type":"","_relevanssi_hide_post":"","_relevanssi_hide_content":"","_relevanssi_pin_for_all":"","_relevanssi_pin_keywords":"","_relevanssi_unpin_keywords":"","_relevanssi_related_keywords":"","_relevanssi_related_include_ids":"","_relevanssi_related_exclude_ids":"","_relevanssi_related_no_append":"","_relevanssi_related_not_related":"","_relevanssi_related_posts":"1","_relevanssi_noindex_reason":"","em_featured_video_id":0,"footnotes":""},"class_list":["post-46","page","type-page","status-publish","has-post-thumbnail","hentry"],"acf":[],"_links":{"self":[{"href":"https:\/\/www.ppd.com\/fr\/wp-json\/wp\/v2\/pages\/46","targetHints":{"allow":["GET"]}}],"collection":[{"href":"https:\/\/www.ppd.com\/fr\/wp-json\/wp\/v2\/pages"}],"about":[{"href":"https:\/\/www.ppd.com\/fr\/wp-json\/wp\/v2\/types\/page"}],"author":[{"embeddable":true,"href":"https:\/\/www.ppd.com\/fr\/wp-json\/wp\/v2\/users\/3"}],"replies":[{"embeddable":true,"href":"https:\/\/www.ppd.com\/fr\/wp-json\/wp\/v2\/comments?post=46"}],"version-history":[{"count":0,"href":"https:\/\/www.ppd.com\/fr\/wp-json\/wp\/v2\/pages\/46\/revisions"}],"wp:featuredmedia":[{"embeddable":true,"href":"https:\/\/www.ppd.com\/fr\/wp-json\/wp\/v2\/media\/263"}],"wp:attachment":[{"href":"https:\/\/www.ppd.com\/fr\/wp-json\/wp\/v2\/media?parent=46"}],"curies":[{"name":"wp","href":"https:\/\/api.w.org\/{rel}","templated":true}]}}