{"id":5,"date":"2024-06-17T04:28:44","date_gmt":"2024-06-17T04:28:44","guid":{"rendered":"https:\/\/www.ppd.com\/fr\/?page_id=5"},"modified":"2024-10-14T20:05:48","modified_gmt":"2024-10-14T20:05:48","slug":"ppd-inc","status":"publish","type":"page","link":"https:\/\/www.ppd.com\/fr\/","title":{"rendered":"L\u2019activit\u00e9 de recherche clinique de Thermo Fisher Scientific de PPD"},"content":{"rendered":"<section id=\"hp-hero-slider-block_f370caff984743de695e2e0da2386a97\" class=\"hp-hero-slider alignfull\">\n\t<div class=\"slide-dots alignwide\"><\/div>\n\t<div class=\"hero-slides\">\n\t\t\t\t\t<div class=\"slide\">\n\t\t\t\t\t\t\t\t\t<div class=\"em-bg-image\">\n\t\t\t\t\t\t<img src='https:\/\/www.ppd.com\/fr\/wp-content\/uploads\/sites\/5\/2024\/08\/ppd-canada-hero-min.jpg' width='1920' height='1031' srcset='https:\/\/www.ppd.com\/fr\/wp-content\/uploads\/sites\/5\/2024\/08\/ppd-canada-hero-min.jpg 1920w, https:\/\/www.ppd.com\/fr\/wp-content\/uploads\/sites\/5\/2024\/08\/ppd-canada-hero-min-300x161.jpg 300w, https:\/\/www.ppd.com\/fr\/wp-content\/uploads\/sites\/5\/2024\/08\/ppd-canada-hero-min-1024x550.jpg 1024w, https:\/\/www.ppd.com\/fr\/wp-content\/uploads\/sites\/5\/2024\/08\/ppd-canada-hero-min-768x412.jpg 768w, https:\/\/www.ppd.com\/fr\/wp-content\/uploads\/sites\/5\/2024\/08\/ppd-canada-hero-min-1536x825.jpg 1536w, https:\/\/www.ppd.com\/fr\/wp-content\/uploads\/sites\/5\/2024\/08\/ppd-canada-hero-min-60x32.jpg 60w' alt='' class='no-lazy' \/>\t\t\t\t\t<\/div>\n\t\t\t\t\t\t\t\t<div class=\"slide__overlay\"><\/div>\n\t\t\t\t<div class=\"alignwide\">\n\t\t\t\t\t<div class=\"slide__content-wrap\">\n\t\t\t\t\t\t\t\t\t\t\t\t\t\t\t\t\t\t\t\t<div class=\"slide__title\">L\u2019activit\u00e9 de recherche clinique de Thermo Fisher Scientific de PPD\u2122\n<\/div>\n\t\t\t\t\t\t\t\t\t\t\t\t\t\t\t\t\t\t\t\t\t\t\t\t\t\t<div class=\"slide__desc\"><p>Notre vaste gamme de services de d\u00e9veloppement clinique et d\u2019analyse permet aux clients de Thermo Fisher Scientific de stimuler l\u2019innovation et d\u2019augmenter la productivit\u00e9 des processus de mise au point de m\u00e9dicaments. Reconnues pour acc\u00e9l\u00e9rer la mise au point des m\u00e9dicaments prometteurs, du d\u00e9but du processus jusqu\u2019\u00e0 l\u2019approbation r\u00e9glementaire et l\u2019acc\u00e8s au march\u00e9, nos solutions sur mesure fournissent des solutions sur mesure aux soci\u00e9t\u00e9s pharmaceutiques et biotechnologiques, aux fabricants de dispositifs m\u00e9dicaux et aux organismes gouvernementaux.<\/p>\n<\/div>\n\t\t\t\t\t\t\t\t\t\t\t\t\t\t\t\t\t<\/div>\n\t\t\t\t<\/div>\n\t\t\t<\/div>\n\t\t\t<\/div>\n<\/section>\n\n\n\n<div class=\"wp-block-emagine-columns alignfull\"><div id=\"em-layout-id_e67624-b9\" class=\"em-row-layout-inner em-margin-top--xlarge em-margin-bottom--default em-tablet-margin-top--large em-tablet-margin-bottom--default em-mobile-margin-top--default em-mobile-margin-bottom--none   em-layout-id_e67624-b9\"><div class=\"em-row-column-wrap em-has-1-columns em-gutter-default em-row-valign-top em-row-layout-equal em-tab-layout-inherit em-m-colapse-left-to-right em-mobile-layout-row em-padding-top--xlarge em-padding-bottom--default em-tablet-padding-top--large em-tablet-padding-bottom--default em-mobile-padding-top--default em-mobile-padding-bottom--default alignwide\">\n<div class=\"wp-block-emagine-column emagine-column5951 inner-column-1\"><div class=\"em-inside-inner-col em-padding-top--none em-padding-right--none em-padding-bottom--none em-padding-left--none em-tablet-padding-top--none em-tablet-padding-right--none em-tablet-padding-bottom--none em-tablet-padding-left--none em-mobile-padding-top--none em-mobile-padding-right--none em-mobile-padding-bottom--none em-mobile-padding-left--none\">\n<h2 class=\"wp-block-heading has-text-align-center h3\"><strong><strong>Services offerts au Canada<\/strong><\/strong><\/h2>\n<\/div><\/div>\n<\/div><\/div><\/div>\n\n\n<section id=\"media-content-block_f4195fb7f9f9204e0a08befd72be29e0\" class=\"media-content alignfull align-content-center \">\n\t\n\t\t\t<div class=\"media-content__inner alignwide\">\n\t\t\t\n\t\t\t<div class=\"media-content__image left-img\" style=\"margin-top: px;\">\n\t\t\t\t<img src='https:\/\/www.ppd.com\/fr\/wp-content\/uploads\/sites\/5\/2024\/06\/how-we-help-full-parner.jpg' width='956' height='800' srcset='https:\/\/www.ppd.com\/fr\/wp-content\/uploads\/sites\/5\/2024\/06\/how-we-help-full-parner.jpg 956w, https:\/\/www.ppd.com\/fr\/wp-content\/uploads\/sites\/5\/2024\/06\/how-we-help-full-parner-300x251.jpg 300w, https:\/\/www.ppd.com\/fr\/wp-content\/uploads\/sites\/5\/2024\/06\/how-we-help-full-parner-768x643.jpg 768w, https:\/\/www.ppd.com\/fr\/wp-content\/uploads\/sites\/5\/2024\/06\/how-we-help-full-parner-60x50.jpg 60w' alt='' \/>\t\t\t<\/div>\n\n\t\t\t\t\t\t\t<div class=\"media-content__content\">\n\t\t\t\t\t\n\t\t\t\t\t\t\t\t\t\t\t<h2 class=\"media-content__title2\">D\u00e9veloppement clinique<\/h2>\n\t\t\t\t\t\n\t\t\t\t\t\n\t\t\t\t\t\t\t\t\t\t\t<div class=\"media-content__desc\"><p>La conduite d\u2019essais cliniques est un processus orchestr\u00e9. Faites-nous confiance pour mener chaque essai gr\u00e2ce \u00e0 l\u2019excellence op\u00e9rationnelle que nous offrons. Nous sommes partenaires de soci\u00e9t\u00e9s biopharmaceutiques et de biotechnologies, de chercheurs, du personnel des centres, des fournisseurs de laboratoires et de technologies, ainsi que d&#8217;autorit\u00e9s de r\u00e9glementation, afin d\u2019accro\u00eetre la s\u00e9curit\u00e9 et l\u2019acc\u00e8s des patients tout au long de chaque phase des \u00e9tudes de recherche.<\/p>\n<\/div>\n\t\t\t\t\t\t\t\t\t\t\t\t\t\t\t\t\t\t\t\t\t<a href=\"\/fr\/clinical-development\/\" class=\"media-content__link \" target=\"\" target=\"\">En apprendre plus<\/a>\n\t\t\t\t\t\n\t\t\t\t\t\t\t\t\t<\/div>\n\t\t\t\t\t<\/div>\n\t<\/section>\n\n\n\n<div style=\"height:3.88rem\" aria-hidden=\"true\" class=\"wp-block-spacer hide-on-mobile\"><\/div>\n\n\n<section id=\"media-content-block_b9b135c3a35a570e501b64e088a11da1\" class=\"media-content alignfull invert-mobile align-content-center \">\n\t\n\t\t\t<div class=\"media-content__inner alignwide\">\n\t\t\t\t\t\t\t<div class=\"media-content__content\">\n\t\t\t\t\t\n\t\t\t\t\t\t\t\t\t\t\t<h2 class=\"media-content__title2\">Solutions de partenariats de services fonctionnels (PSF)<\/h2>\n\t\t\t\t\t\n\t\t\t\t\t\n\t\t\t\t\t\t\t\t\t\t\t<div class=\"media-content__desc\"><p>Les\u00a0PSF vous aident \u00e0 faire avancer votre prochain projet de mise au point de m\u00e9dicaments, qu\u2019il s\u2019agisse de combler de petites lacunes en mati\u00e8re de services ou de soutenir des programmes \u00e0 grande \u00e9chelle au moyen d\u2019une \u00e9quipe de gestion consacr\u00e9e aux capacit\u00e9s dans toutes les fonctions.<\/p>\n<\/div>\n\t\t\t\t\t\t\t\t\t\t\t\t\t\t\t\t\t\t\t\t\t<a href=\"\/fr\/functional-service-providers\/\" class=\"media-content__link \" target=\"\" target=\"\">En apprendre plus<\/a>\n\t\t\t\t\t\n\t\t\t\t\t\t\t\t\t<\/div>\n\t\t\t\n\t\t\t<div class=\"media-content__image right-img\" style=\"margin-top: px;\">\n\t\t\t\t<img src='https:\/\/www.ppd.com\/fr\/wp-content\/uploads\/sites\/5\/2024\/06\/how-we-help-full-enrollment-50.jpg' width='1200' height='1058' srcset='https:\/\/www.ppd.com\/fr\/wp-content\/uploads\/sites\/5\/2024\/06\/how-we-help-full-enrollment-50.jpg 1200w, https:\/\/www.ppd.com\/fr\/wp-content\/uploads\/sites\/5\/2024\/06\/how-we-help-full-enrollment-50-300x265.jpg 300w, https:\/\/www.ppd.com\/fr\/wp-content\/uploads\/sites\/5\/2024\/06\/how-we-help-full-enrollment-50-1024x903.jpg 1024w, https:\/\/www.ppd.com\/fr\/wp-content\/uploads\/sites\/5\/2024\/06\/how-we-help-full-enrollment-50-768x677.jpg 768w, https:\/\/www.ppd.com\/fr\/wp-content\/uploads\/sites\/5\/2024\/06\/how-we-help-full-enrollment-50-57x50.jpg 57w' alt='' \/>\t\t\t<\/div>\n\n\t\t\t\t\t<\/div>\n\t<\/section>\n\n\n\n<div style=\"height:3.88rem\" aria-hidden=\"true\" class=\"wp-block-spacer hide-on-mobile\"><\/div>\n\n\n<section id=\"media-content-block_5a4faf46992c3210d6dff8c2b9586a5d\" class=\"media-content alignfull align-content-center \">\n\t\n\t\t\t<div class=\"media-content__inner alignwide\">\n\t\t\t\n\t\t\t<div class=\"media-content__image left-img\" style=\"margin-top: px;\">\n\t\t\t\t<img src='https:\/\/www.ppd.com\/fr\/wp-content\/uploads\/sites\/5\/2024\/06\/FSP-shutterstock_1167169291-B-1.jpg' width='1200' height='1103' srcset='https:\/\/www.ppd.com\/fr\/wp-content\/uploads\/sites\/5\/2024\/06\/FSP-shutterstock_1167169291-B-1.jpg 1200w, https:\/\/www.ppd.com\/fr\/wp-content\/uploads\/sites\/5\/2024\/06\/FSP-shutterstock_1167169291-B-1-300x276.jpg 300w, https:\/\/www.ppd.com\/fr\/wp-content\/uploads\/sites\/5\/2024\/06\/FSP-shutterstock_1167169291-B-1-1024x941.jpg 1024w, https:\/\/www.ppd.com\/fr\/wp-content\/uploads\/sites\/5\/2024\/06\/FSP-shutterstock_1167169291-B-1-768x706.jpg 768w, https:\/\/www.ppd.com\/fr\/wp-content\/uploads\/sites\/5\/2024\/06\/FSP-shutterstock_1167169291-B-1-54x50.jpg 54w' alt='' \/>\t\t\t<\/div>\n\n\t\t\t\t\t\t\t<div class=\"media-content__content\">\n\t\t\t\t\t\n\t\t\t\t\t\t\t\t\t\t\t<h2 class=\"media-content__title2\">Laboratoires de PPD<\/h2>\n\t\t\t\t\t\n\t\t\t\t\t\n\t\t\t\t\t\t\t\t\t\t\t<div class=\"media-content__desc\"><p>Les services de laboratoire de PPD<span class=\"TextRun SCXW222972371 BCX0\" lang=\"EN-US\" xml:lang=\"EN-US\" data-contrast=\"auto\"><span class=\"NormalTextRun SCXW222972371 BCX0\" data-ccp-parastyle=\"No Spacing\">\u2122<\/span><\/span>\u00a0associent une expertise scientifique de grande qualit\u00e9 \u00e0 des technologies de pointe, soutenues par un engagement pour atteindre une qualit\u00e9 exceptionnelle, afin de fournir des services de laboratoire contractuels au secteur pharmaceutique.<\/p>\n<\/div>\n\t\t\t\t\t\t\t\t\t\t\t\t\t\t\t\t\t\t\t\t\t<a href=\"\/fr\/ppd-laboratory-services\/\" class=\"media-content__link \" target=\"\" target=\"\">En apprendre plus<\/a>\n\t\t\t\t\t\n\t\t\t\t\t\t\t\t\t<\/div>\n\t\t\t\t\t<\/div>\n\t<\/section>\n\n\n\n<div style=\"height:3.88rem\" aria-hidden=\"true\" class=\"wp-block-spacer hide-on-mobile\"><\/div>\n\n\n<section id=\"media-content-block_a44288ee4b6550306b81a5b33db46f26\" class=\"media-content alignfull invert-mobile align-content-center \">\n\t\n\t\t\t<div class=\"media-content__inner alignwide\">\n\t\t\t\t\t\t\t<div class=\"media-content__content\">\n\t\t\t\t\t\n\t\t\t\t\t\t\t\t\t\t\t<h2 class=\"media-content__title2\">Expertise th\u00e9rapeutique<\/h2>\n\t\t\t\t\t\n\t\t\t\t\t\n\t\t\t\t\t\t\t\t\t\t\t<div class=\"media-content__desc\"><p>Nos clients des secteurs biopharmaceutique et biotechnologique nous font confiance pour les aider \u00e0 faire progresser leurs essais. Notre expertise dans les domaines th\u00e9rapeutiques couvre de vastes march\u00e9s de traitement m\u00e9dicamenteux des maladies, notamment dans les domaines de l\u2019h\u00e9matologie\/oncologie et des maladies chroniques, ainsi que dans des domaines d\u2019innovation en\u00a0R\u00a0et\u00a0D en pleine croissance, tels que ceux de l\u2019immuno-oncologie, de la th\u00e9rapie cellulaire et g\u00e9nique, ainsi que ceux des biomarqueurs et des maladies rares.<\/p>\n<\/div>\n\t\t\t\t\t\t\t\t\t\t\t\t\t\t\t\t\t\t\t\t\t<a href=\"\/fr\/therapeutic-expertise\/\" class=\"media-content__link \" target=\"\" target=\"\">En apprendre plus<\/a>\n\t\t\t\t\t\n\t\t\t\t\t\t\t\t\t<\/div>\n\t\t\t\n\t\t\t<div class=\"media-content__image right-img\" style=\"margin-top: px;\">\n\t\t\t\t<img src='https:\/\/www.ppd.com\/fr\/wp-content\/uploads\/sites\/5\/2024\/06\/respiratory-cro-team-min-2.jpg' width='1024' height='900' srcset='https:\/\/www.ppd.com\/fr\/wp-content\/uploads\/sites\/5\/2024\/06\/respiratory-cro-team-min-2.jpg 1024w, https:\/\/www.ppd.com\/fr\/wp-content\/uploads\/sites\/5\/2024\/06\/respiratory-cro-team-min-2-300x264.jpg 300w, https:\/\/www.ppd.com\/fr\/wp-content\/uploads\/sites\/5\/2024\/06\/respiratory-cro-team-min-2-768x675.jpg 768w, https:\/\/www.ppd.com\/fr\/wp-content\/uploads\/sites\/5\/2024\/06\/respiratory-cro-team-min-2-57x50.jpg 57w' alt='' \/>\t\t\t<\/div>\n\n\t\t\t\t\t<\/div>\n\t<\/section>\n\n\n\n<div style=\"height:85px\" aria-hidden=\"true\" class=\"wp-block-spacer hide-on-mobile\"><\/div>\n\n\n\n<div class=\"wp-block-emagine-button aligncenter\"><a class=\"wp-block-emagine-button__more has-red-background-color block-btn block-btn--sm block-btn--primary\" style=\"background-color:#fb272a\" href=\"https:\/\/www.ppd.com\/fr\/communiquez-avec-nous\/\" rel=\"\"><span class=\"block-btn__hover\" style=\"color:#fff;background-color:#e71316;border-color:transparent\">Communiquez avec nous pour d\u00e9couvrir comment nous pouvons vous aider<\/span><\/a><\/div>\n","protected":false},"excerpt":{"rendered":null,"protected":false},"author":3,"featured_media":0,"parent":0,"menu_order":0,"comment_status":"closed","ping_status":"closed","template":"","meta":{"_acf_changed":false,"content-type":"","_relevanssi_hide_post":"","_relevanssi_hide_content":"","_relevanssi_pin_for_all":"","_relevanssi_pin_keywords":"","_relevanssi_unpin_keywords":"","_relevanssi_related_keywords":"","_relevanssi_related_include_ids":"","_relevanssi_related_exclude_ids":"","_relevanssi_related_no_append":"","_relevanssi_related_not_related":"","_relevanssi_related_posts":"1","_relevanssi_noindex_reason":"","em_featured_video_id":0,"footnotes":""},"class_list":["post-5","page","type-page","status-publish","hentry"],"acf":[],"_links":{"self":[{"href":"https:\/\/www.ppd.com\/fr\/wp-json\/wp\/v2\/pages\/5","targetHints":{"allow":["GET"]}}],"collection":[{"href":"https:\/\/www.ppd.com\/fr\/wp-json\/wp\/v2\/pages"}],"about":[{"href":"https:\/\/www.ppd.com\/fr\/wp-json\/wp\/v2\/types\/page"}],"author":[{"embeddable":true,"href":"https:\/\/www.ppd.com\/fr\/wp-json\/wp\/v2\/users\/3"}],"replies":[{"embeddable":true,"href":"https:\/\/www.ppd.com\/fr\/wp-json\/wp\/v2\/comments?post=5"}],"version-history":[{"count":0,"href":"https:\/\/www.ppd.com\/fr\/wp-json\/wp\/v2\/pages\/5\/revisions"}],"wp:attachment":[{"href":"https:\/\/www.ppd.com\/fr\/wp-json\/wp\/v2\/media?parent=5"}],"curies":[{"name":"wp","href":"https:\/\/api.w.org\/{rel}","templated":true}]}}