{"id":7,"date":"2024-05-08T14:23:38","date_gmt":"2024-05-08T14:23:38","guid":{"rendered":"https:\/\/www.ppd.com\/fr\/?page_id=7"},"modified":"2024-11-19T23:24:40","modified_gmt":"2024-11-19T23:24:40","slug":"clinical-development","status":"publish","type":"page","link":"https:\/\/www.ppd.com\/fr\/clinical-development\/","title":{"rendered":"D\u00e9veloppement clinique"},"content":{"rendered":"\n<div class=\"wp-block-emagine-columns alignfull\"><div id=\"em-layout-id_238d17-a4\" class=\"em-row-layout-inner em-margin-top--default em-margin-bottom--none em-tablet-margin-top--default em-tablet-margin-bottom--none em-mobile-margin-top--default em-mobile-margin-bottom--none   em-layout-id_238d17-a4\"><div class=\"em-row-column-wrap em-has-2-columns em-gutter-default em-row-valign-top em-row-layout-left-golden em-tab-layout-inherit em-m-colapse-left-to-right em-mobile-layout-row em-padding-top--default em-padding-bottom--default em-tablet-padding-top--default em-tablet-padding-bottom--default em-mobile-padding-top--default em-mobile-padding-bottom--default alignwide\">\n<div class=\"wp-block-emagine-column emagine-column5898 inner-column-1\"><div class=\"em-inside-inner-col em-padding-top--none em-padding-right--xlarge em-padding-bottom--none em-padding-left--none em-tablet-padding-top--none em-tablet-padding-right--medium em-tablet-padding-bottom--none em-tablet-padding-left--none em-mobile-padding-top--none em-mobile-padding-right--none em-mobile-padding-bottom--none em-mobile-padding-left--none\">\n<h2 class=\"wp-block-heading\">Excellence op\u00e9rationnelle, livraison sup\u00e9rieure<\/h2>\n\n\n\n<p>La conduite d\u2019essais cliniques est un processus orchestr\u00e9. Faites confiance \u00e0 l&#8217;activit\u00e9 de recherche clinique PPD\u2122 de Thermo Fisher Scientific pour diriger chaque essai avec l\u2019excellence op\u00e9rationnelle que nous offrons pour mener chaque essai gr\u00e2ce \u00e0 l\u2019excellence op\u00e9rationnelle que nous offrons. Nous travaillons en partenariat avec des soci\u00e9t\u00e9s biopharmaceutiques et biotechnologiques, des chercheurs, personnel des centres, fournisseurs de laboratoires et de technologies, ainsi qu&#8217;avec des autorit\u00e9s de r\u00e9glementation, afin d\u2019accro\u00eetre la s\u00e9curit\u00e9 et l\u2019acc\u00e8s des patients tout au long de chaque phase des \u00e9tudes de recherche. Chacun joue un r\u00f4le dans la fourniture de donn\u00e9es de qualit\u00e9 qui peuvent faire progresser le parcours des compos\u00e9s prometteurs.<\/p>\n<\/div><\/div>\n\n\n\n<div class=\"wp-block-emagine-column emagine-column388 inner-column-2\"><div class=\"em-inside-inner-col em-padding-top--none em-padding-right--none em-padding-bottom--none em-padding-left--none em-tablet-padding-top--none em-tablet-padding-right--none em-tablet-padding-bottom--none em-tablet-padding-left--none em-mobile-padding-top--none em-mobile-padding-right--none em-mobile-padding-bottom--none em-mobile-padding-left--none\">\n<figure class=\"wp-block-image size-full hide-on-mobile\"><img loading=\"lazy\" decoding=\"async\" width=\"800\" height=\"700\" src=\"https:\/\/www.ppd.com\/fr\/wp-content\/uploads\/sites\/5\/2024\/07\/hands-joined-hexagon.jpg\" alt=\"\" class=\"wp-image-862\" srcset=\"https:\/\/www.ppd.com\/fr\/wp-content\/uploads\/sites\/5\/2024\/07\/hands-joined-hexagon.jpg 800w, https:\/\/www.ppd.com\/fr\/wp-content\/uploads\/sites\/5\/2024\/07\/hands-joined-hexagon-300x263.jpg 300w, https:\/\/www.ppd.com\/fr\/wp-content\/uploads\/sites\/5\/2024\/07\/hands-joined-hexagon-768x672.jpg 768w, https:\/\/www.ppd.com\/fr\/wp-content\/uploads\/sites\/5\/2024\/07\/hands-joined-hexagon-57x50.jpg 57w\" sizes=\"auto, (max-width: 800px) 100vw, 800px\" \/><\/figure>\n<\/div><\/div>\n<\/div><\/div><\/div>\n\n\n\n<div class=\"wp-block-emagine-columns alignfull\"><div id=\"em-layout-id_2f622c-de\" class=\"em-row-layout-inner em-margin-top--default em-margin-bottom--default em-tablet-margin-top--default em-tablet-margin-bottom--default em-mobile-margin-top--default em-mobile-margin-bottom--default   em-layout-id_2f622c-de\"><div class=\"em-row-column-wrap em-has-1-columns em-gutter-default em-row-valign-top em-row-layout-equal em-tab-layout-inherit em-m-colapse-left-to-right em-mobile-layout-row em-padding-top--default em-padding-bottom--default em-tablet-padding-top--default em-tablet-padding-bottom--default em-mobile-padding-top--default em-mobile-padding-bottom--default alignfull\">\n<div class=\"wp-block-emagine-column emagine-column1322 inner-column-1\"><div class=\"em-inside-inner-col em-padding-top--none em-padding-right--none em-padding-bottom--none em-padding-left--none em-tablet-padding-top--none em-tablet-padding-right--none em-tablet-padding-bottom--none em-tablet-padding-left--none em-mobile-padding-top--none em-mobile-padding-right--none em-mobile-padding-bottom--none em-mobile-padding-left--none\"><section id=\"media-content-block_17b0b8d726a4c50002f8799422149548\" class=\"media-content alignfull dark-text thirds-layout align-content-center \">\n\t\n\t\t\t<div class=\"media-content__inner alignwide\">\n\t\t\t\n\t\t\t<div class=\"media-content__image left-img\" style=\"margin-top: px;\">\n\t\t\t\t<img src='https:\/\/www.ppd.com\/fr\/wp-content\/uploads\/sites\/5\/2024\/06\/ClinicalDev-shutterstock_740347384-scaled-1.jpg' width='1498' height='1000' srcset='https:\/\/www.ppd.com\/fr\/wp-content\/uploads\/sites\/5\/2024\/06\/ClinicalDev-shutterstock_740347384-scaled-1.jpg 1498w, https:\/\/www.ppd.com\/fr\/wp-content\/uploads\/sites\/5\/2024\/06\/ClinicalDev-shutterstock_740347384-scaled-1-300x200.jpg 300w, https:\/\/www.ppd.com\/fr\/wp-content\/uploads\/sites\/5\/2024\/06\/ClinicalDev-shutterstock_740347384-scaled-1-1024x684.jpg 1024w, https:\/\/www.ppd.com\/fr\/wp-content\/uploads\/sites\/5\/2024\/06\/ClinicalDev-shutterstock_740347384-scaled-1-768x513.jpg 768w, https:\/\/www.ppd.com\/fr\/wp-content\/uploads\/sites\/5\/2024\/06\/ClinicalDev-shutterstock_740347384-scaled-1-60x40.jpg 60w' alt='' \/>\t\t\t<\/div>\n\n\t\t\t\t\t\t\t<div class=\"media-content__content\">\n\t\t\t\t\t\n\t\t\t\t\t\t\t\t\t\t\t<h2 class=\"media-content__title2\">Le d\u00e9passement des \u00e9ch\u00e9ances constitue une grande motivation pour nous<\/h2>\n\t\t\t\t\t\n\t\t\t\t\t\n\t\t\t\t\t\t\t\t\t\t\t<div class=\"media-content__desc\"><p>Pour les patients, chaque jour gagn\u00e9 dans le processus de mise au point d\u2019un m\u00e9dicament repr\u00e9sente bien plus que le d\u00e9placement de points sur la ligne du temps. Le temps gagn\u00e9, c\u2019est du temps pour se sentir mieux, passer du temps avec ses proches et ses amis, poursuivre un travail int\u00e9ressant et atteindre ses objectifs personnels. Dans certains cas, un jour gagn\u00e9 peut permettre de participer \u00e0 un nouvel essai clinique en vue de la prochaine perc\u00e9e m\u00e9dicale.<\/p>\n<\/div>\n\t\t\t\t\t\t\t\t\t\t\t\t\t\t\t\n\t\t\t\t\t\t\t\t\t<\/div>\n\t\t\t\t\t<\/div>\n\t<\/section>\n<\/div><\/div>\n<\/div><\/div><\/div>\n\n\n\n<div class=\"wp-block-emagine-columns alignfull\"><div id=\"em-layout-id_0dd2b7-e4\" class=\"em-row-layout-inner em-margin-top--default em-margin-bottom--default em-tablet-margin-top--default em-tablet-margin-bottom--default em-mobile-margin-top--default em-mobile-margin-bottom--default   em-layout-id_0dd2b7-e4\"><div class=\"em-row-column-wrap em-has-1-columns em-gutter-default em-row-valign-top em-row-layout-equal em-tab-layout-inherit em-m-colapse-left-to-right em-mobile-layout-row em-padding-top--default em-padding-bottom--default em-tablet-padding-top--default em-tablet-padding-bottom--default em-mobile-padding-top--default em-mobile-padding-bottom--default alignfull\">\n<div class=\"wp-block-emagine-column emagine-column1895 inner-column-1\"><div class=\"em-inside-inner-col em-padding-top--none em-padding-right--none em-padding-bottom--none em-padding-left--none em-tablet-padding-top--none em-tablet-padding-right--none em-tablet-padding-bottom--none em-tablet-padding-left--none em-mobile-padding-top--none em-mobile-padding-right--none em-mobile-padding-bottom--none em-mobile-padding-left--none\"><section id=\"media-content-block_d83f7485be2e3e41c16bcbf8f5c0240b\" class=\"media-content alignfull dark-text thirds-layout invert-mobile align-content-center \">\n\t\n\t\t\t<div class=\"media-content__inner alignwide\">\n\t\t\t\t\t\t\t<div class=\"media-content__content\">\n\t\t\t\t\t\n\t\t\t\t\t\t\t\t\t\t\t<h2 class=\"media-content__title2\">Innovation<\/h2>\n\t\t\t\t\t\n\t\t\t\t\t\n\t\t\t\t\t\t\t\t\t\t\t<div class=\"media-content__desc\"><p>Que ce soit l\u2019optimisation des protocoles qui int\u00e8grent la voix des patients, l\u2019\u00e9largissement de la disponibilit\u00e9 des rendez-vous en dehors des heures de bureau ou les services de conciergerie offerts aux patients, nous \u00e9coutons les patients et les centres, puis proposons des solutions pour \u00e9liminer les barri\u00e8res logistiques.<\/p>\n<p>Nos utilisons\u00a0les technologies num\u00e9riques et recourt \u00e0 un personnel infirmier offrant des soins \u00e0 domicile pour recueillir des donn\u00e9es l\u00e0 o\u00f9 les patients passent le plus de temps, soit \u00e0 la maison.<\/p>\n<\/div>\n\t\t\t\t\t\t\t\t\t\t\t\t\t\t\t\n\t\t\t\t\t\t\t\t\t<\/div>\n\t\t\t\n\t\t\t<div class=\"media-content__image right-img\" style=\"margin-top: px;\">\n\t\t\t\t<img src='https:\/\/www.ppd.com\/fr\/wp-content\/uploads\/sites\/5\/2024\/06\/ClinDev-Innovation.jpg' width='2035' height='2000' srcset='https:\/\/www.ppd.com\/fr\/wp-content\/uploads\/sites\/5\/2024\/06\/ClinDev-Innovation.jpg 2035w, https:\/\/www.ppd.com\/fr\/wp-content\/uploads\/sites\/5\/2024\/06\/ClinDev-Innovation-300x295.jpg 300w, https:\/\/www.ppd.com\/fr\/wp-content\/uploads\/sites\/5\/2024\/06\/ClinDev-Innovation-1024x1006.jpg 1024w, https:\/\/www.ppd.com\/fr\/wp-content\/uploads\/sites\/5\/2024\/06\/ClinDev-Innovation-768x755.jpg 768w, https:\/\/www.ppd.com\/fr\/wp-content\/uploads\/sites\/5\/2024\/06\/ClinDev-Innovation-1536x1510.jpg 1536w, https:\/\/www.ppd.com\/fr\/wp-content\/uploads\/sites\/5\/2024\/06\/ClinDev-Innovation-51x50.jpg 51w' alt='' \/>\t\t\t<\/div>\n\n\t\t\t\t\t<\/div>\n\t<\/section>\n<\/div><\/div>\n<\/div><\/div><\/div>\n\n\n\n<div class=\"wp-block-emagine-columns alignfull\"><div id=\"em-layout-id_947443-bc\" class=\"em-row-layout-inner em-margin-top--default em-margin-bottom--default em-tablet-margin-top--default em-tablet-margin-bottom--default em-mobile-margin-top--default em-mobile-margin-bottom--default   em-layout-id_947443-bc\"><div class=\"em-row-column-wrap em-has-1-columns em-gutter-default em-row-valign-top em-row-layout-equal em-tab-layout-inherit em-m-colapse-left-to-right em-mobile-layout-row em-padding-top--default em-padding-bottom--default em-tablet-padding-top--default em-tablet-padding-bottom--default em-mobile-padding-top--default em-mobile-padding-bottom--default alignfull\">\n<div class=\"wp-block-emagine-column emagine-column7960 inner-column-1\"><div class=\"em-inside-inner-col em-padding-top--none em-padding-right--none em-padding-bottom--none em-padding-left--none em-tablet-padding-top--none em-tablet-padding-right--none em-tablet-padding-bottom--none em-tablet-padding-left--none em-mobile-padding-top--none em-mobile-padding-right--none em-mobile-padding-bottom--none em-mobile-padding-left--none\"><section id=\"media-content-block_9b2079860edc1a534b9c37ba3a90b053\" class=\"media-content alignfull dark-text thirds-layout align-content-center \">\n\t\n\t\t\t<div class=\"media-content__inner alignwide\">\n\t\t\t\n\t\t\t<div class=\"media-content__image left-img\" style=\"margin-top: px;\">\n\t\t\t\t<img src='https:\/\/www.ppd.com\/fr\/wp-content\/uploads\/sites\/5\/2024\/06\/Oncology-option3-shutterstock_1192704544.jpg' width='1500' height='1000' srcset='https:\/\/www.ppd.com\/fr\/wp-content\/uploads\/sites\/5\/2024\/06\/Oncology-option3-shutterstock_1192704544.jpg 1500w, https:\/\/www.ppd.com\/fr\/wp-content\/uploads\/sites\/5\/2024\/06\/Oncology-option3-shutterstock_1192704544-300x200.jpg 300w, https:\/\/www.ppd.com\/fr\/wp-content\/uploads\/sites\/5\/2024\/06\/Oncology-option3-shutterstock_1192704544-1024x683.jpg 1024w, https:\/\/www.ppd.com\/fr\/wp-content\/uploads\/sites\/5\/2024\/06\/Oncology-option3-shutterstock_1192704544-768x512.jpg 768w, https:\/\/www.ppd.com\/fr\/wp-content\/uploads\/sites\/5\/2024\/06\/Oncology-option3-shutterstock_1192704544-60x40.jpg 60w' alt='' \/>\t\t\t<\/div>\n\n\t\t\t\t\t\t\t<div class=\"media-content__content\">\n\t\t\t\t\t\n\t\t\t\t\t\t\t\t\t\t\t<h2 class=\"media-content__title2\">Accro\u00eetre la diversit\u00e9 des participants aux essais cliniques<\/h2>\n\t\t\t\t\t\n\t\t\t\t\t\n\t\t\t\t\t\t\t\t\t\t\t<div class=\"media-content__desc\"><p>Nous nous concentrons sur l\u2019utilisation des donn\u00e9es et de la technologie pour am\u00e9liorer le recrutement des participants aux essais et accro\u00eetre la disponibilit\u00e9 des options d\u2019essais cliniques pour toutes les collectivit\u00e9s.<\/p>\n<p>L\u2019augmentation de la diversit\u00e9 est essentielle \u00e0 la mise au point de produits et de dispositifs m\u00e9dicaux plus s\u00fbrs et plus efficaces pour quiconque les utilisera. Les participants aux essais cliniques doivent repr\u00e9senter la population cible des patients atteints d\u2019une maladie ou d\u2019une affection sp\u00e9cifique.<\/p>\n<\/div>\n\t\t\t\t\t\t\t\t\t\t\t\t\t\t\t\n\t\t\t\t\t\t\t\t\t<\/div>\n\t\t\t\t\t<\/div>\n\t<\/section>\n<\/div><\/div>\n<\/div><\/div><\/div>\n\n\n\n<div class=\"wp-block-emagine-columns alignfull\"><div id=\"em-layout-id_a9536a-f9\" class=\"em-row-layout-inner em-margin-top--default em-margin-bottom--default em-tablet-margin-top--default em-tablet-margin-bottom--default em-mobile-margin-top--default em-mobile-margin-bottom--default   em-layout-id_a9536a-f9\"><div class=\"em-row-column-wrap em-has-1-columns em-gutter-default em-row-valign-top em-row-layout-equal em-tab-layout-inherit em-m-colapse-left-to-right em-mobile-layout-row em-padding-top--default em-padding-bottom--default em-tablet-padding-top--default em-tablet-padding-bottom--default em-mobile-padding-top--default em-mobile-padding-bottom--default alignfull\">\n<div class=\"wp-block-emagine-column emagine-column2782 inner-column-1\"><div class=\"em-inside-inner-col em-padding-top--none em-padding-right--none em-padding-bottom--none em-padding-left--none em-tablet-padding-top--none em-tablet-padding-right--none em-tablet-padding-bottom--none em-tablet-padding-left--none em-mobile-padding-top--none em-mobile-padding-right--none em-mobile-padding-bottom--none em-mobile-padding-left--none\"><section id=\"media-content-block_2cc68651bb81f97e1d70053b2702709e\" class=\"media-content alignfull dark-text invert-mobile align-content-center \">\n\t\n\t\t\t<div class=\"media-content__inner alignwide\">\n\t\t\t\t\t\t\t<div class=\"media-content__content\">\n\t\t\t\t\t\n\t\t\t\t\t\t\t\t\t\t\t<h2 class=\"media-content__title2\">Une approche fond\u00e9e sur les donn\u00e9es<\/h2>\n\t\t\t\t\t\n\t\t\t\t\t\n\t\t\t\t\t\t\t\t\t\t\t<div class=\"media-content__desc\"><p>La capacit\u00e9 de pr\u00e9dire les performances est au c\u0153ur de notre processus de s\u00e9lection de centres. Nous ne s\u00e9lectionnons pas les centres uniquement sur la base d\u2019enqu\u00eates, des m\u00e9thodologies peu fiables ou en esp\u00e9rant que les centres aient acc\u00e8s aux populations de patients dont ils ont besoin. Au contraire, nous exploitons les m\u00e9gadonn\u00e9es en vue d\u2019orienter plus rapidement la s\u00e9lection des centres et la planification du recrutement des participants.<\/p>\n<\/div>\n\t\t\t\t\t\t\t\t\t\t\t\t\t\t\t\n\t\t\t\t\t\t\t\t\t<\/div>\n\t\t\t\n\t\t\t<div class=\"media-content__image right-img\" style=\"margin-top: px;\">\n\t\t\t\t<img src='https:\/\/www.ppd.com\/fr\/wp-content\/uploads\/sites\/5\/2024\/06\/clinical-development-patient-screen.png' width='1196' height='1019' srcset='https:\/\/www.ppd.com\/fr\/wp-content\/uploads\/sites\/5\/2024\/06\/clinical-development-patient-screen.png 1196w, https:\/\/www.ppd.com\/fr\/wp-content\/uploads\/sites\/5\/2024\/06\/clinical-development-patient-screen-300x256.png 300w, https:\/\/www.ppd.com\/fr\/wp-content\/uploads\/sites\/5\/2024\/06\/clinical-development-patient-screen-1024x872.png 1024w, https:\/\/www.ppd.com\/fr\/wp-content\/uploads\/sites\/5\/2024\/06\/clinical-development-patient-screen-768x654.png 768w, https:\/\/www.ppd.com\/fr\/wp-content\/uploads\/sites\/5\/2024\/06\/clinical-development-patient-screen-60x50.png 60w' alt='' \/>\t\t\t<\/div>\n\n\t\t\t\t\t<\/div>\n\t<\/section>\n<\/div><\/div>\n<\/div><\/div><\/div>\n","protected":false},"excerpt":{"rendered":null,"protected":false},"author":3,"featured_media":96,"parent":0,"menu_order":0,"comment_status":"closed","ping_status":"closed","template":"","meta":{"_acf_changed":false,"content-type":"","_relevanssi_hide_post":"","_relevanssi_hide_content":"","_relevanssi_pin_for_all":"","_relevanssi_pin_keywords":"","_relevanssi_unpin_keywords":"","_relevanssi_related_keywords":"","_relevanssi_related_include_ids":"","_relevanssi_related_exclude_ids":"","_relevanssi_related_no_append":"","_relevanssi_related_not_related":"","_relevanssi_related_posts":"1","_relevanssi_noindex_reason":"","em_featured_video_id":0,"footnotes":""},"class_list":["post-7","page","type-page","status-publish","has-post-thumbnail","hentry"],"acf":[],"_links":{"self":[{"href":"https:\/\/www.ppd.com\/fr\/wp-json\/wp\/v2\/pages\/7","targetHints":{"allow":["GET"]}}],"collection":[{"href":"https:\/\/www.ppd.com\/fr\/wp-json\/wp\/v2\/pages"}],"about":[{"href":"https:\/\/www.ppd.com\/fr\/wp-json\/wp\/v2\/types\/page"}],"author":[{"embeddable":true,"href":"https:\/\/www.ppd.com\/fr\/wp-json\/wp\/v2\/users\/3"}],"replies":[{"embeddable":true,"href":"https:\/\/www.ppd.com\/fr\/wp-json\/wp\/v2\/comments?post=7"}],"version-history":[{"count":0,"href":"https:\/\/www.ppd.com\/fr\/wp-json\/wp\/v2\/pages\/7\/revisions"}],"wp:featuredmedia":[{"embeddable":true,"href":"https:\/\/www.ppd.com\/fr\/wp-json\/wp\/v2\/media\/96"}],"wp:attachment":[{"href":"https:\/\/www.ppd.com\/fr\/wp-json\/wp\/v2\/media?parent=7"}],"curies":[{"name":"wp","href":"https:\/\/api.w.org\/{rel}","templated":true}]}}